{"id":4903,"date":"2021-01-09T00:25:35","date_gmt":"2021-01-09T00:25:35","guid":{"rendered":"https:\/\/hovawart.ee\/?page_id=4903"},"modified":"2021-01-09T17:33:03","modified_gmt":"2021-01-09T17:33:03","slug":"tervis","status":"publish","type":"page","link":"https:\/\/hovawart.ee\/en\/tervis\/","title":{"rendered":"Health"},"content":{"rendered":"<div data-elementor-type=\"wp-page\" data-elementor-id=\"4903\" class=\"elementor elementor-4903\">\n\t\t\t\t\t\t<section class=\"elementor-section elementor-top-section elementor-element elementor-element-2b1a857 elementor-section-boxed elementor-section-height-default elementor-section-height-default\" data-id=\"2b1a857\" data-element_type=\"section\" data-e-type=\"section\" data-settings=\"{&quot;background_background&quot;:&quot;gradient&quot;}\">\n\t\t\t\t\t\t<div class=\"elementor-container elementor-column-gap-default\">\n\t\t\t\t\t<div class=\"elementor-column elementor-col-50 elementor-top-column elementor-element elementor-element-69999ca\" data-id=\"69999ca\" data-element_type=\"column\" data-e-type=\"column\">\n\t\t\t<div class=\"elementor-widget-wrap elementor-element-populated\">\n\t\t\t\t\t\t<div class=\"elementor-element elementor-element-7c9cf87 elementor-widget elementor-widget-heading\" data-id=\"7c9cf87\" data-element_type=\"widget\" data-e-type=\"widget\" data-widget_type=\"heading.default\">\n\t\t\t\t<div class=\"elementor-widget-container\">\n\t\t\t\t\t<h1 class=\"elementor-heading-title elementor-size-default\">Health<\/h1>\t\t\t\t<\/div>\n\t\t\t\t<\/div>\n\t\t\t\t<div class=\"elementor-element elementor-element-28eb5ea elementor-widget elementor-widget-image\" data-id=\"28eb5ea\" data-element_type=\"widget\" data-e-type=\"widget\" data-widget_type=\"image.default\">\n\t\t\t\t<div class=\"elementor-widget-container\">\n\t\t\t\t\t\t\t\t\t\t\t\t\t\t\t<img fetchpriority=\"high\" decoding=\"async\" width=\"1024\" height=\"671\" src=\"https:\/\/hovawart.ee\/wp-content\/uploads\/2021\/01\/Anatomy-1-1024x671.jpg\" class=\"attachment-large size-large wp-image-4905\" alt=\"\" srcset=\"https:\/\/hovawart.ee\/wp-content\/uploads\/2021\/01\/Anatomy-1-1024x671.jpg 1024w, https:\/\/hovawart.ee\/wp-content\/uploads\/2021\/01\/Anatomy-1-300x197.jpg 300w, https:\/\/hovawart.ee\/wp-content\/uploads\/2021\/01\/Anatomy-1-768x503.jpg 768w, https:\/\/hovawart.ee\/wp-content\/uploads\/2021\/01\/Anatomy-1-1536x1006.jpg 1536w, https:\/\/hovawart.ee\/wp-content\/uploads\/2021\/01\/Anatomy-1-16x10.jpg 16w, https:\/\/hovawart.ee\/wp-content\/uploads\/2021\/01\/Anatomy-1.jpg 1563w\" sizes=\"(max-width: 1024px) 100vw, 1024px\" \/>\t\t\t\t\t\t\t\t\t\t\t\t\t\t\t<\/div>\n\t\t\t\t<\/div>\n\t\t\t\t\t<\/div>\n\t\t<\/div>\n\t\t\t\t<div class=\"elementor-column elementor-col-50 elementor-top-column elementor-element elementor-element-a5ad8ea\" data-id=\"a5ad8ea\" data-element_type=\"column\" data-e-type=\"column\">\n\t\t\t<div class=\"elementor-widget-wrap elementor-element-populated\">\n\t\t\t\t\t\t<div class=\"elementor-element elementor-element-f99fa61 elementor-widget elementor-widget-text-editor\" data-id=\"f99fa61\" data-element_type=\"widget\" data-e-type=\"widget\" data-widget_type=\"text-editor.default\">\n\t\t\t\t<div class=\"elementor-widget-container\">\n\t\t\t\t\t\t\t\t\t<p>Hovawarts live to be estimated to be 11-13 years old (single to 16 years old)<\/p>\t\t\t\t\t\t\t\t<\/div>\n\t\t\t\t<\/div>\n\t\t\t\t<div class=\"elementor-element elementor-element-ce00fee elementor-widget elementor-widget-text-editor\" data-id=\"ce00fee\" data-element_type=\"widget\" data-e-type=\"widget\" data-widget_type=\"text-editor.default\">\n\t\t\t\t<div class=\"elementor-widget-container\">\n\t\t\t\t\t\t\t\t\t<p>Hovawart is a medium-sized, relatively healthy breed and rarely has any problems with other breeds of the same size. However, hip and elbow dysplasia may occur (<a href=\"https:\/\/et.wikipedia.org\/wiki\/Puusaliigese_d%C3%BCsplaasia_koertel\">HD<\/a> and ED), are controlled by pre-breeding controls.<br \/>Timely changes in joint development provide better treatment options and the ability to prevent osteoarthritis in the joints.<br \/>Changes in the hip joints can be seen and diagnosed from the age of 3-3.5 months. The most accurate and comprehensive picture of the hip joints is obtained at the age of 3 years.<br \/>Breeding dysplasia is performed at 18 months of age.<br \/>The initial changes in the development of elbow dysplasia occur at 3.5 to 4 months of age.<br \/><a href=\"https:\/\/www.xn--vikeloomakliinik-vnb.ee\/et\/puusa-ja-kueuenarliigese-loeng-koeraomanikele\">Read more...<\/a><br \/>However, the puppy's diet and lifestyle are also very important in the development of the joints, so a balanced diet and age-appropriate activities and advice from the breeder are very important.<\/p>\t\t\t\t\t\t\t\t<\/div>\n\t\t\t\t<\/div>\n\t\t\t\t<div class=\"elementor-element elementor-element-e18579e elementor-widget elementor-widget-text-editor\" data-id=\"e18579e\" data-element_type=\"widget\" data-e-type=\"widget\" data-widget_type=\"text-editor.default\">\n\t\t\t\t<div class=\"elementor-widget-container\">\n\t\t\t\t\t\t\t\t\t<p>In addition to joint symptoms, there may be:<\/p><p><a href=\"https:\/\/en.wikipedia.org\/wiki\/Hypothyroidism\">H\u00dcPOT\u00dcREOOSI<\/a>\u00a0(hypothyroidism)<br \/>Thyroid disease in pets is the same as in humans.<br \/><a href=\"https:\/\/www.petcoach.co\/article\/hypothyroidism-in-dogs\/\">H\u00fcpot\u00fcreoos<\/a> means that the thyroid gland does not produce enough of the hormones that the body needs to metabolize, grow and develop. The severity of your symptoms depends, among other things, on how much hormone production is already limited and how much hormone deficiency has progressed. Hypothyroidism affects the whole body and slows it down.<br \/>Hypothyroidism may be indicated by: weight gain despite the same amount of food, tiredness, thinning of the hair, drop in body temperature, frequent ear infections and skin infections caused by bacteria or yeast, temperature sensitivity.<br \/>Thyroid dysfunction is diagnosed by a veterinarian measuring blood levels of the thyroid hormone thyroxine and deciding on replacement therapy.<\/p>\t\t\t\t\t\t\t\t<\/div>\n\t\t\t\t<\/div>\n\t\t\t\t<div class=\"elementor-element elementor-element-3210e47 elementor-widget elementor-widget-text-editor\" data-id=\"3210e47\" data-element_type=\"widget\" data-e-type=\"widget\" data-widget_type=\"text-editor.default\">\n\t\t\t\t<div class=\"elementor-widget-container\">\n\t\t\t\t\t\t\t\t\t<p><a href=\"https:\/\/vcahospitals.com\/know-your-pet\/cataracts-in-dogs\">KATARAKTI<\/a> (or gray cataract)<br \/>Not all cataracts are hereditary, they can also be caused by trauma or metabolic diseases.<br \/>Cataracts are one of the few inherited eye diseases that can be treated. The treatment is to remove the opaque front of the lens and insert the implant into the lens capsule.<br \/>Eye examination every two (2) years is recommended.<\/p>\t\t\t\t\t\t\t\t<\/div>\n\t\t\t\t<\/div>\n\t\t\t\t<div class=\"elementor-element elementor-element-1d7554c elementor-widget elementor-widget-text-editor\" data-id=\"1d7554c\" data-element_type=\"widget\" data-e-type=\"widget\" data-widget_type=\"text-editor.default\">\n\t\t\t\t<div class=\"elementor-widget-container\">\n\t\t\t\t\t\t\t\t\t<p><a href=\"https:\/\/en.wikipedia.org\/wiki\/Canine_degenerative_myelopathy\">DEGENERATIIVSET M\u00dcELOPAATIAT<\/a> (DM-degenerative myelopathy)<br \/>Hereditary progressive spinal cord disease, which can occur in dogs of any breed and not in old age, is characterized primarily by hindlimb coordination, sometimes beginning in one or sometimes both legs, and manifested by unsteady gait or dragging of the hind legs or the appearance of arthritis.<br \/>Later, weakness of the hindquarters occurs, the dog can no longer stand. Then there is paralysis of the hind body, which spreads higher and higher over time and always ends in death, which usually occurs as a result of respiratory arrest.<br \/>DM is a genetically transmitted disease.\u00a0<br \/>The susceptibility of DM to disease can be determined by genetic testing.<\/p>\t\t\t\t\t\t\t\t<\/div>\n\t\t\t\t<\/div>\n\t\t\t\t<div class=\"elementor-element elementor-element-2047b4d elementor-widget elementor-widget-text-editor\" data-id=\"2047b4d\" data-element_type=\"widget\" data-e-type=\"widget\" data-widget_type=\"text-editor.default\">\n\t\t\t\t<div class=\"elementor-widget-container\">\n\t\t\t\t\t\t\t\t\t<p><a href=\"https:\/\/en.wikipedia.org\/wiki\/Sebaceous_adenitis\">RASVAST ADENIITI<\/a> (Sebaceous adenitis).<br \/>An autoimmune disease found in some dog breeds, including the Hovawart. It is characterized by inflammation and subsequent destruction of the sebaceous glands. Fatty adenitis is not curable, but the symptoms can be relieved by intensive treatment. This disease has so far been underdiagnosed in dogs. Genetic risk factors for sebaceous sebaceous adenitis in Hovawart are being studied with the aim of developing an appropriate genetic test.<\/p>\t\t\t\t\t\t\t\t<\/div>\n\t\t\t\t<\/div>\n\t\t\t\t<div class=\"elementor-element elementor-element-e4ca5d3 elementor-widget elementor-widget-heading\" data-id=\"e4ca5d3\" data-element_type=\"widget\" data-e-type=\"widget\" data-widget_type=\"heading.default\">\n\t\t\t\t<div class=\"elementor-widget-container\">\n\t\t\t\t\t<h4 class=\"elementor-heading-title elementor-size-default\">Ask the litter breeder about the health examinations of the puppy's parents and ancestors!<\/h4>\t\t\t\t<\/div>\n\t\t\t\t<\/div>\n\t\t\t\t<div class=\"elementor-element elementor-element-1c797ab elementor-widget elementor-widget-text-editor\" data-id=\"1c797ab\" data-element_type=\"widget\" data-e-type=\"widget\" data-widget_type=\"text-editor.default\">\n\t\t\t\t<div class=\"elementor-widget-container\">\n\t\t\t\t\t\t\t\t\t<p><br \/>Gastric torsion may occur in dogs with deep and narrow thorax.<br \/>What is <a href=\"https:\/\/lemmikloom.delfi.ee\/tervis\/loomaarst-helen-valk-annab-nou-maokeerd-on-eluohtlik-seisund-kuidas-seda-oigeaegselt-ara-tunda?id=84684307\">gastric torsion<\/a>?<br \/>In English\u00a0<em>gastric dilatatsion volvulus<\/em> or GDV) usually caused by the enlargement of the stomach due to large amounts of food, where food and gas in the stomach cannot escape. As the stomach expands, the pressure on the stomach increases. In addition to the enlargement of the stomach, the stomach can also wrap around its axis, and this condition is life-threatening for the animal.<br \/>Gastric dilatation and twisting can also be caused by foreign bodies in the stomach (stone, cone, piece of toy).<br \/>Proper eating habits can help reduce the risk of stomach upset (daily diet divided into 2-3 meals at regular times, not fed immediately after a walk \/ workout, stress-free and calm environment during eating, the dog should not eat for at least 6 hours before intense training). It is also important that the dog always has access to water so that he does not drink when drinking water.<br \/>Unfortunately, following all precautions does not preclude gastric enlargement and twisting. It is very important to recognize the symptoms and provide immediate help.<br \/>The main symptoms of stomach upset are abdominal pain. The dog stands in a position without any direct cause that indicates discomfort. Abdominal distension, weakness, apathy, dyspnoea, flushing, dehydration and vomiting may also occur, but may not be excreted by the dog. Nearly half of dogs with stomach upset have heart rhythm problems that can become life-threatening. You may experience a sudden thirst for drinking. The dog is restless, often lies down and changes places. The gums turn pale pink. In a very serious condition, the animal has weakness, a weak pulse, and loss of consciousness.<br \/>Be sure to see a veterinarian as soon as possible for help!<\/p>\t\t\t\t\t\t\t\t<\/div>\n\t\t\t\t<\/div>\n\t\t\t\t<div class=\"elementor-element elementor-element-a415ab2 elementor-widget elementor-widget-heading\" data-id=\"a415ab2\" data-element_type=\"widget\" data-e-type=\"widget\" data-widget_type=\"heading.default\">\n\t\t\t\t<div class=\"elementor-widget-container\">\n\t\t\t\t\t<h2 class=\"elementor-heading-title elementor-size-default\">In addition<\/h2>\t\t\t\t<\/div>\n\t\t\t\t<\/div>\n\t\t\t\t<div class=\"elementor-element elementor-element-e1c255b elementor-widget elementor-widget-text-editor\" data-id=\"e1c255b\" data-element_type=\"widget\" data-e-type=\"widget\" data-widget_type=\"text-editor.default\">\n\t\t\t\t<div class=\"elementor-widget-container\">\n\t\t\t\t\t\t\t\t\t<p>As the Hovawarts are very fond of swelling, care must be taken to ensure that no skin infections occur.<\/p>\t\t\t\t\t\t\t\t<\/div>\n\t\t\t\t<\/div>\n\t\t\t\t\t<\/div>\n\t\t<\/div>\n\t\t\t\t\t<\/div>\n\t\t<\/section>\n\t\t\t\t<section class=\"elementor-section elementor-top-section elementor-element elementor-element-bb00917 elementor-section-boxed elementor-section-height-default elementor-section-height-default\" data-id=\"bb00917\" data-element_type=\"section\" data-e-type=\"section\" data-settings=\"{&quot;background_background&quot;:&quot;gradient&quot;}\">\n\t\t\t\t\t\t<div class=\"elementor-container elementor-column-gap-default\">\n\t\t\t\t\t<div class=\"elementor-column elementor-col-50 elementor-top-column elementor-element elementor-element-a607cfc\" data-id=\"a607cfc\" data-element_type=\"column\" data-e-type=\"column\">\n\t\t\t<div class=\"elementor-widget-wrap elementor-element-populated\">\n\t\t\t\t\t\t<div class=\"elementor-element elementor-element-3c000a2 elementor-widget elementor-widget-image\" data-id=\"3c000a2\" data-element_type=\"widget\" data-e-type=\"widget\" data-widget_type=\"image.default\">\n\t\t\t\t<div class=\"elementor-widget-container\">\n\t\t\t\t\t\t\t\t\t\t\t\t\t\t\t<img decoding=\"async\" width=\"1024\" height=\"684\" src=\"https:\/\/hovawart.ee\/wp-content\/uploads\/2021\/01\/DSC05841-1-1024x684.jpg\" class=\"attachment-large size-large wp-image-4907\" alt=\"\" srcset=\"https:\/\/hovawart.ee\/wp-content\/uploads\/2021\/01\/DSC05841-1-1024x684.jpg 1024w, https:\/\/hovawart.ee\/wp-content\/uploads\/2021\/01\/DSC05841-1-300x200.jpg 300w, https:\/\/hovawart.ee\/wp-content\/uploads\/2021\/01\/DSC05841-1-768x513.jpg 768w, https:\/\/hovawart.ee\/wp-content\/uploads\/2021\/01\/DSC05841-1-16x12.jpg 16w, https:\/\/hovawart.ee\/wp-content\/uploads\/2021\/01\/DSC05841-1.jpg 1497w\" sizes=\"(max-width: 1024px) 100vw, 1024px\" \/>\t\t\t\t\t\t\t\t\t\t\t\t\t\t\t<\/div>\n\t\t\t\t<\/div>\n\t\t\t\t\t<\/div>\n\t\t<\/div>\n\t\t\t\t<div class=\"elementor-column elementor-col-50 elementor-top-column elementor-element elementor-element-e0a2694\" data-id=\"e0a2694\" data-element_type=\"column\" data-e-type=\"column\">\n\t\t\t<div class=\"elementor-widget-wrap elementor-element-populated\">\n\t\t\t\t\t\t<div class=\"elementor-element elementor-element-599c2b8 elementor-widget elementor-widget-text-editor\" data-id=\"599c2b8\" data-element_type=\"widget\" data-e-type=\"widget\" data-widget_type=\"text-editor.default\">\n\t\t\t\t<div class=\"elementor-widget-container\">\n\t\t\t\t\t\t\t\t\t<p>Attention must also be paid to mental health. <br \/>Because the Hovawart is cautious about strangers by nature, he definitely needs socialization as a puppy to grow into a balanced and confident dog.<\/p>\t\t\t\t\t\t\t\t<\/div>\n\t\t\t\t<\/div>\n\t\t\t\t\t<\/div>\n\t\t<\/div>\n\t\t\t\t\t<\/div>\n\t\t<\/section>\n\t\t\t\t<\/div>","protected":false},"excerpt":{"rendered":"<p>Tervis Hovawardid elavad hinnanguliselt 11-13-aastaseks (\u00fcksikud kuni 16-aastaseks) Hovawart on keskmise suurusega, suhteliselt terve t\u00f5ug ja v\u00f5rreldes teiste sama suurusega t\u00f5ukoertega esineb probleeme harva. Siiski v\u00f5ib esineda puusa-ja k\u00fc\u00fcnarliigese d\u00fcsplaasiat (HD ja ED), mille vastu v\u00f5ideldakse aretuseelse kontrollimisega.\u00d5igeaegselt avastatud muutused liigeste arengus annavad paremad raviv\u00f5imalused ja v\u00f5imaluse ennetada osteoartroosi teket liigestes.Muutused puusaliigestes on n\u00e4htavad ja [&hellip;]<\/p>\n","protected":false},"author":1,"featured_media":0,"parent":0,"menu_order":0,"comment_status":"closed","ping_status":"closed","template":"elementor_header_footer","meta":{"site-sidebar-layout":"no-sidebar","site-content-layout":"page-builder","ast-site-content-layout":"default","site-content-style":"default","site-sidebar-style":"default","ast-global-header-display":"","ast-banner-title-visibility":"","ast-main-header-display":"","ast-hfb-above-header-display":"","ast-hfb-below-header-display":"","ast-hfb-mobile-header-display":"","site-post-title":"disabled","ast-breadcrumbs-content":"","ast-featured-img":"disabled","footer-sml-layout":"","ast-disable-related-posts":"","theme-transparent-header-meta":"default","adv-header-id-meta":"","stick-header-meta":"","header-above-stick-meta":"","header-main-stick-meta":"","header-below-stick-meta":"","astra-migrate-meta-layouts":"default","ast-page-background-enabled":"default","ast-page-background-meta":{"desktop":{"background-color":"","background-image":"","background-repeat":"repeat","background-position":"center center","background-size":"auto","background-attachment":"scroll","background-type":"","background-media":"","overlay-type":"","overlay-color":"","overlay-opacity":"","overlay-gradient":""},"tablet":{"background-color":"","background-image":"","background-repeat":"repeat","background-position":"center center","background-size":"auto","background-attachment":"scroll","background-type":"","background-media":"","overlay-type":"","overlay-color":"","overlay-opacity":"","overlay-gradient":""},"mobile":{"background-color":"","background-image":"","background-repeat":"repeat","background-position":"center center","background-size":"auto","background-attachment":"scroll","background-type":"","background-media":"","overlay-type":"","overlay-color":"","overlay-opacity":"","overlay-gradient":""}},"ast-content-background-meta":{"desktop":{"background-color":"var(--ast-global-color-5)","background-image":"","background-repeat":"repeat","background-position":"center center","background-size":"auto","background-attachment":"scroll","background-type":"","background-media":"","overlay-type":"","overlay-color":"","overlay-opacity":"","overlay-gradient":""},"tablet":{"background-color":"var(--ast-global-color-5)","background-image":"","background-repeat":"repeat","background-position":"center center","background-size":"auto","background-attachment":"scroll","background-type":"","background-media":"","overlay-type":"","overlay-color":"","overlay-opacity":"","overlay-gradient":""},"mobile":{"background-color":"var(--ast-global-color-5)","background-image":"","background-repeat":"repeat","background-position":"center center","background-size":"auto","background-attachment":"scroll","background-type":"","background-media":"","overlay-type":"","overlay-color":"","overlay-opacity":"","overlay-gradient":""}},"footnotes":""},"class_list":["post-4903","page","type-page","status-publish","hentry"],"_links":{"self":[{"href":"https:\/\/hovawart.ee\/en\/wp-json\/wp\/v2\/pages\/4903","targetHints":{"allow":["GET"]}}],"collection":[{"href":"https:\/\/hovawart.ee\/en\/wp-json\/wp\/v2\/pages"}],"about":[{"href":"https:\/\/hovawart.ee\/en\/wp-json\/wp\/v2\/types\/page"}],"author":[{"embeddable":true,"href":"https:\/\/hovawart.ee\/en\/wp-json\/wp\/v2\/users\/1"}],"replies":[{"embeddable":true,"href":"https:\/\/hovawart.ee\/en\/wp-json\/wp\/v2\/comments?post=4903"}],"version-history":[{"count":67,"href":"https:\/\/hovawart.ee\/en\/wp-json\/wp\/v2\/pages\/4903\/revisions"}],"predecessor-version":[{"id":5023,"href":"https:\/\/hovawart.ee\/en\/wp-json\/wp\/v2\/pages\/4903\/revisions\/5023"}],"wp:attachment":[{"href":"https:\/\/hovawart.ee\/en\/wp-json\/wp\/v2\/media?parent=4903"}],"curies":[{"name":"wp","href":"https:\/\/api.w.org\/{rel}","templated":true}]}}