{"id":3644,"date":"2020-12-27T14:44:17","date_gmt":"2020-12-27T14:44:17","guid":{"rendered":"https:\/\/hovawart.ee\/?page_id=3644"},"modified":"2020-12-27T14:45:15","modified_gmt":"2020-12-27T14:45:15","slug":"hovawartide-joulujalutus","status":"publish","type":"page","link":"https:\/\/hovawart.ee\/en\/hovawartide-joulujalutus\/","title":{"rendered":"Hovawarts' Christmas Walk"},"content":{"rendered":"<div data-elementor-type=\"wp-page\" data-elementor-id=\"3644\" class=\"elementor elementor-3644\">\n\t\t\t\t\t\t<section class=\"elementor-section elementor-top-section elementor-element elementor-element-2b1a857 elementor-section-boxed elementor-section-height-default elementor-section-height-default\" data-id=\"2b1a857\" data-element_type=\"section\" data-e-type=\"section\" data-settings=\"{&quot;background_background&quot;:&quot;gradient&quot;}\">\n\t\t\t\t\t\t<div class=\"elementor-container elementor-column-gap-no\">\n\t\t\t\t\t<div class=\"elementor-column elementor-col-100 elementor-top-column elementor-element elementor-element-69999ca\" data-id=\"69999ca\" data-element_type=\"column\" data-e-type=\"column\">\n\t\t\t<div class=\"elementor-widget-wrap elementor-element-populated\">\n\t\t\t\t\t\t<div class=\"elementor-element elementor-element-9f1e21e premium-blog-align-left elementor-widget elementor-widget-premium-addon-blog\" data-id=\"9f1e21e\" data-element_type=\"widget\" data-e-type=\"widget\" data-settings=\"{&quot;scroll_to_offset&quot;:&quot;yes&quot;}\" data-widget_type=\"premium-addon-blog.default\">\n\t\t\t\t<div class=\"elementor-widget-container\">\n\t\t\t\t\t\n\t\t\n\n\t\t\t\t<div class=\"premium-blog-wrap  premium-blog-list\" data-page=\"3644\">\n\t\t\t\t\t\t\t\t\t<div class=\"premium-blog-post-outer-container\" data-total=\"1\">\n\t\t\t<div class=\"premium-blog-post-container premium-blog-skin-classic\">\n\t\t\t\t\t\t\t\t\t<div class=\"premium-blog-thumb-effect-wrapper\">\n\t\t\t\t\t\t<div class=\"premium-blog-thumbnail-container premium-blog-zoomin-effect\">\n\t\t\t\t\t\t\t<img fetchpriority=\"high\" decoding=\"async\" width=\"1200\" height=\"628\" src=\"https:\/\/hovawart.ee\/wp-content\/uploads\/2025\/12\/Joulujalutus_2025.jpg\" class=\"attachment-full size-full wp-image-6280\" alt=\"\" srcset=\"https:\/\/hovawart.ee\/wp-content\/uploads\/2025\/12\/Joulujalutus_2025.jpg 1200w, https:\/\/hovawart.ee\/wp-content\/uploads\/2025\/12\/Joulujalutus_2025-300x157.jpg 300w, https:\/\/hovawart.ee\/wp-content\/uploads\/2025\/12\/Joulujalutus_2025-1024x536.jpg 1024w, https:\/\/hovawart.ee\/wp-content\/uploads\/2025\/12\/Joulujalutus_2025-768x402.jpg 768w, https:\/\/hovawart.ee\/wp-content\/uploads\/2025\/12\/Joulujalutus_2025-18x9.jpg 18w\" sizes=\"(max-width: 1200px) 100vw, 1200px\" \/>\t\t\t\t\t\t<\/div>\n\t\t\t\t\t\t\t\t\t\t\t\t\t<div class=\"premium-blog-thumbnail-overlay\">\n\t\t\t\t\t\t\t\t<a class=\"elementor-icon\" href=\"https:\/\/hovawart.ee\/en\/hovawartide-joulujalutus-2025\/\" target=\"_blank\"><\/a>\n\t\t\t\t\t\t\t<\/div>\n\n\t\t\t\t\t\t\t\t\t\t\t\t\t\t\t\t\t\t<\/div>\n\t\t\t\t\t\t\t\t\t\t\t\t<div class=\"premium-blog-content-wrapper\">\n\n\t\t\t\t\t<div class=\"premium-blog-inner-container\">\n\n\t\t\t\t\t\t\t\t\t\t\t\t\t\t<h2 class=\"premium-blog-entry-title\">\n\t\t\t<a href=\"https:\/\/hovawart.ee\/en\/hovawartide-joulujalutus-2025\/\" target=\"_blank\">\n\t\t\t\tHovawarts' Christmas Walk 2025\t\t\t<\/a>\n\t\t<\/h2>\n\t\t\t\t<div class=\"premium-blog-entry-meta\">\n\t\t\t\n\t\t\t\t\t\t\t<span class=\"premium-blog-meta-separator\">\u2022<\/span>\n\t\t\t\t<div class=\"premium-blog-post-time premium-blog-meta-data\">\n\t\t\t\t\t<i class=\"fa fa-calendar-alt\" aria-hidden=\"true\"><\/i>\n\t\t\t\t\t<span>December 23, 2025<\/span>\n\t\t\t\t<\/div>\n\t\t\t\n\t\t\t\t\t\t\t<span class=\"premium-blog-meta-separator\">\u2022<\/span>\n\t\t\t\t<div class=\"premium-blog-post-categories premium-blog-meta-data\">\n\t\t\t\t\t<i class=\"fa fa-align-left fa-fw\" aria-hidden=\"true\"><\/i>\n\t\t\t\t\t<a href=\"https:\/\/hovawart.ee\/en\/category\/hovawartide-joulujalutus\/\" rel=\"category tag\">Hovawarts' Christmas Walk<\/a>\t\t\t\t<\/div>\n\t\t\t\n\t\t\t\t\t<\/div>\n\t\t\n\t\t\t\t\t<\/div>\n\n\t\t\t\t\t\t\t<div class=\"premium-blog-content-inner-wrapper\">\n\t\t<p class=\"premium-blog-post-content\">Every fourth advent we get together in Old Town and do something under the Christmas tree there, Christmas hats on along with red gloves!\nHappy Holidays!<\/p>\t\t<\/div>\n\t\t\t\t\t\t\t\n\t\t\t\t<\/div>\n\t\t\t<\/div>\n\t\t<\/div>\n\n\t\t\t\t<div class=\"premium-blog-post-outer-container\" data-total=\"1\">\n\t\t\t<div class=\"premium-blog-post-container premium-blog-skin-classic\">\n\t\t\t\t\t\t\t\t\t<div class=\"premium-blog-thumb-effect-wrapper\">\n\t\t\t\t\t\t<div class=\"premium-blog-thumbnail-container premium-blog-zoomin-effect\">\n\t\t\t\t\t\t\t<img decoding=\"async\" width=\"1200\" height=\"628\" src=\"https:\/\/hovawart.ee\/wp-content\/uploads\/2024\/12\/22122024.jpg\" class=\"attachment-full size-full wp-image-6100\" alt=\"\" srcset=\"https:\/\/hovawart.ee\/wp-content\/uploads\/2024\/12\/22122024.jpg 1200w, https:\/\/hovawart.ee\/wp-content\/uploads\/2024\/12\/22122024-300x157.jpg 300w, https:\/\/hovawart.ee\/wp-content\/uploads\/2024\/12\/22122024-1024x536.jpg 1024w, https:\/\/hovawart.ee\/wp-content\/uploads\/2024\/12\/22122024-768x402.jpg 768w, https:\/\/hovawart.ee\/wp-content\/uploads\/2024\/12\/22122024-18x9.jpg 18w\" sizes=\"(max-width: 1200px) 100vw, 1200px\" \/>\t\t\t\t\t\t<\/div>\n\t\t\t\t\t\t\t\t\t\t\t\t\t<div class=\"premium-blog-thumbnail-overlay\">\n\t\t\t\t\t\t\t\t<a class=\"elementor-icon\" href=\"https:\/\/hovawart.ee\/en\/hovawartide-joulujalutus-2024\/\" target=\"_blank\"><\/a>\n\t\t\t\t\t\t\t<\/div>\n\n\t\t\t\t\t\t\t\t\t\t\t\t\t\t\t\t\t\t<\/div>\n\t\t\t\t\t\t\t\t\t\t\t\t<div class=\"premium-blog-content-wrapper\">\n\n\t\t\t\t\t<div class=\"premium-blog-inner-container\">\n\n\t\t\t\t\t\t\t\t\t\t\t\t\t\t<h2 class=\"premium-blog-entry-title\">\n\t\t\t<a href=\"https:\/\/hovawart.ee\/en\/hovawartide-joulujalutus-2024\/\" target=\"_blank\">\n\t\t\t\tHovawartide j\u00f5ulujalutus 2024\t\t\t<\/a>\n\t\t<\/h2>\n\t\t\t\t<div class=\"premium-blog-entry-meta\">\n\t\t\t\n\t\t\t\t\t\t\t<span class=\"premium-blog-meta-separator\">\u2022<\/span>\n\t\t\t\t<div class=\"premium-blog-post-time premium-blog-meta-data\">\n\t\t\t\t\t<i class=\"fa fa-calendar-alt\" aria-hidden=\"true\"><\/i>\n\t\t\t\t\t<span>December 23, 2024<\/span>\n\t\t\t\t<\/div>\n\t\t\t\n\t\t\t\t\t\t\t<span class=\"premium-blog-meta-separator\">\u2022<\/span>\n\t\t\t\t<div class=\"premium-blog-post-categories premium-blog-meta-data\">\n\t\t\t\t\t<i class=\"fa fa-align-left fa-fw\" aria-hidden=\"true\"><\/i>\n\t\t\t\t\t<a href=\"https:\/\/hovawart.ee\/en\/category\/hovawartide-joulujalutus\/\" rel=\"category tag\">Hovawarts' Christmas Walk<\/a>\t\t\t\t<\/div>\n\t\t\t\n\t\t\t\t\t<\/div>\n\t\t\n\t\t\t\t\t<\/div>\n\n\t\t\t\t\t\t\t<div class=\"premium-blog-content-inner-wrapper\">\n\t\t<p class=\"premium-blog-post-content\">Every fourth advent we get together in Old Town and do something under the Christmas tree there, Christmas hats on along with red gloves!\nHappy Holidays!<\/p>\t\t<\/div>\n\t\t\t\t\t\t\t\n\t\t\t\t<\/div>\n\t\t\t<\/div>\n\t\t<\/div>\n\n\t\t\t\t<div class=\"premium-blog-post-outer-container\" data-total=\"1\">\n\t\t\t<div class=\"premium-blog-post-container premium-blog-skin-classic\">\n\t\t\t\t\t\t\t\t\t<div class=\"premium-blog-thumb-effect-wrapper\">\n\t\t\t\t\t\t<div class=\"premium-blog-thumbnail-container premium-blog-zoomin-effect\">\n\t\t\t\t\t\t\t<img decoding=\"async\" width=\"1200\" height=\"628\" src=\"https:\/\/hovawart.ee\/wp-content\/uploads\/2020\/12\/DSC05780-3-1.jpg\" class=\"attachment-full size-full wp-image-3540\" alt=\"\" srcset=\"https:\/\/hovawart.ee\/wp-content\/uploads\/2020\/12\/DSC05780-3-1.jpg 1200w, https:\/\/hovawart.ee\/wp-content\/uploads\/2020\/12\/DSC05780-3-1-300x157.jpg 300w, https:\/\/hovawart.ee\/wp-content\/uploads\/2020\/12\/DSC05780-3-1-1024x536.jpg 1024w, https:\/\/hovawart.ee\/wp-content\/uploads\/2020\/12\/DSC05780-3-1-768x402.jpg 768w, https:\/\/hovawart.ee\/wp-content\/uploads\/2020\/12\/DSC05780-3-1-16x8.jpg 16w\" sizes=\"(max-width: 1200px) 100vw, 1200px\" \/>\t\t\t\t\t\t<\/div>\n\t\t\t\t\t\t\t\t\t\t\t\t\t<div class=\"premium-blog-thumbnail-overlay\">\n\t\t\t\t\t\t\t\t<a class=\"elementor-icon\" href=\"https:\/\/hovawart.ee\/en\/hovawartide-joulujalutus-pakapikkudega\/\" target=\"_blank\"><\/a>\n\t\t\t\t\t\t\t<\/div>\n\n\t\t\t\t\t\t\t\t\t\t\t\t\t\t\t\t\t\t<\/div>\n\t\t\t\t\t\t\t\t\t\t\t\t<div class=\"premium-blog-content-wrapper\">\n\n\t\t\t\t\t<div class=\"premium-blog-inner-container\">\n\n\t\t\t\t\t\t\t\t\t\t\t\t\t\t<h2 class=\"premium-blog-entry-title\">\n\t\t\t<a href=\"https:\/\/hovawart.ee\/en\/hovawartide-joulujalutus-pakapikkudega\/\" target=\"_blank\">\n\t\t\t\tA Hovawart Christmas Walk with Elves\t\t\t<\/a>\n\t\t<\/h2>\n\t\t\t\t<div class=\"premium-blog-entry-meta\">\n\t\t\t\n\t\t\t\t\t\t\t<span class=\"premium-blog-meta-separator\">\u2022<\/span>\n\t\t\t\t<div class=\"premium-blog-post-time premium-blog-meta-data\">\n\t\t\t\t\t<i class=\"fa fa-calendar-alt\" aria-hidden=\"true\"><\/i>\n\t\t\t\t\t<span>December 21, 2020<\/span>\n\t\t\t\t<\/div>\n\t\t\t\n\t\t\t\t\t\t\t<span class=\"premium-blog-meta-separator\">\u2022<\/span>\n\t\t\t\t<div class=\"premium-blog-post-categories premium-blog-meta-data\">\n\t\t\t\t\t<i class=\"fa fa-align-left fa-fw\" aria-hidden=\"true\"><\/i>\n\t\t\t\t\t<a href=\"https:\/\/hovawart.ee\/en\/category\/hovawartide-joulujalutus\/\" rel=\"category tag\">Hovawarts' Christmas Walk<\/a>\t\t\t\t<\/div>\n\t\t\t\n\t\t\t\t\t<\/div>\n\t\t\n\t\t\t\t\t<\/div>\n\n\t\t\t\t\t\t\t<div class=\"premium-blog-content-inner-wrapper\">\n\t\t<p class=\"premium-blog-post-content\">This year we started a new tradition, called the \"Hovawarts' Christmas Walk\". Every fourth advent we get together in Old Town and do something under the Christmas tree there, Christmas hats on along with red gloves, and dogs dressed up!...<\/p>\t\t<\/div>\n\t\t\t\t\t\t\t\n\t\t\t\t<\/div>\n\t\t\t<\/div>\n\t\t<\/div>\n\n\t\t\t\t\t\t\t<\/div>\n\n\t\t\n\t\t\n\t\t\t\t\t\t<\/div>\n\t\t\t\t<\/div>\n\t\t\t\t\t<\/div>\n\t\t<\/div>\n\t\t\t\t\t<\/div>\n\t\t<\/section>\n\t\t\t\t<\/div>","protected":false},"excerpt":{"rendered":"<p>Hovawartide j\u00f5ulujalutus p\u00e4kapikkudega \u2022 detsember 21, 2020 \u2022 Hovawartide j\u00f5ulujalutus Alustasime sellel aastal uue traditsioonilise \u00fcritusega &#8220;Hovawartide j\u00f5ulujalutus&#8221;! Igal neljandal advendil saame kokku Raekoja platsil j\u00f5ulukuuse all, p\u00e4kapiku m\u00fctsid peas, punased kindad \u2026<\/p>","protected":false},"author":1,"featured_media":0,"parent":0,"menu_order":0,"comment_status":"closed","ping_status":"closed","template":"elementor_header_footer","meta":{"site-sidebar-layout":"no-sidebar","site-content-layout":"page-builder","ast-site-content-layout":"default","site-content-style":"default","site-sidebar-style":"default","ast-global-header-display":"","ast-banner-title-visibility":"","ast-main-header-display":"","ast-hfb-above-header-display":"","ast-hfb-below-header-display":"","ast-hfb-mobile-header-display":"","site-post-title":"disabled","ast-breadcrumbs-content":"","ast-featured-img":"disabled","footer-sml-layout":"","ast-disable-related-posts":"","theme-transparent-header-meta":"default","adv-header-id-meta":"","stick-header-meta":"","header-above-stick-meta":"","header-main-stick-meta":"","header-below-stick-meta":"","astra-migrate-meta-layouts":"default","ast-page-background-enabled":"default","ast-page-background-meta":{"desktop":{"background-color":"","background-image":"","background-repeat":"repeat","background-position":"center center","background-size":"auto","background-attachment":"scroll","background-type":"","background-media":"","overlay-type":"","overlay-color":"","overlay-opacity":"","overlay-gradient":""},"tablet":{"background-color":"","background-image":"","background-repeat":"repeat","background-position":"center center","background-size":"auto","background-attachment":"scroll","background-type":"","background-media":"","overlay-type":"","overlay-color":"","overlay-opacity":"","overlay-gradient":""},"mobile":{"background-color":"","background-image":"","background-repeat":"repeat","background-position":"center center","background-size":"auto","background-attachment":"scroll","background-type":"","background-media":"","overlay-type":"","overlay-color":"","overlay-opacity":"","overlay-gradient":""}},"ast-content-background-meta":{"desktop":{"background-color":"var(--ast-global-color-5)","background-image":"","background-repeat":"repeat","background-position":"center center","background-size":"auto","background-attachment":"scroll","background-type":"","background-media":"","overlay-type":"","overlay-color":"","overlay-opacity":"","overlay-gradient":""},"tablet":{"background-color":"var(--ast-global-color-5)","background-image":"","background-repeat":"repeat","background-position":"center center","background-size":"auto","background-attachment":"scroll","background-type":"","background-media":"","overlay-type":"","overlay-color":"","overlay-opacity":"","overlay-gradient":""},"mobile":{"background-color":"var(--ast-global-color-5)","background-image":"","background-repeat":"repeat","background-position":"center center","background-size":"auto","background-attachment":"scroll","background-type":"","background-media":"","overlay-type":"","overlay-color":"","overlay-opacity":"","overlay-gradient":""}},"footnotes":""},"class_list":["post-3644","page","type-page","status-publish","hentry"],"_links":{"self":[{"href":"https:\/\/hovawart.ee\/en\/wp-json\/wp\/v2\/pages\/3644","targetHints":{"allow":["GET"]}}],"collection":[{"href":"https:\/\/hovawart.ee\/en\/wp-json\/wp\/v2\/pages"}],"about":[{"href":"https:\/\/hovawart.ee\/en\/wp-json\/wp\/v2\/types\/page"}],"author":[{"embeddable":true,"href":"https:\/\/hovawart.ee\/en\/wp-json\/wp\/v2\/users\/1"}],"replies":[{"embeddable":true,"href":"https:\/\/hovawart.ee\/en\/wp-json\/wp\/v2\/comments?post=3644"}],"version-history":[{"count":4,"href":"https:\/\/hovawart.ee\/en\/wp-json\/wp\/v2\/pages\/3644\/revisions"}],"predecessor-version":[{"id":3648,"href":"https:\/\/hovawart.ee\/en\/wp-json\/wp\/v2\/pages\/3644\/revisions\/3648"}],"wp:attachment":[{"href":"https:\/\/hovawart.ee\/en\/wp-json\/wp\/v2\/media?parent=3644"}],"curies":[{"name":"wp","href":"https:\/\/api.w.org\/{rel}","templated":true}]}}