{"id":3630,"date":"2020-12-27T14:35:05","date_gmt":"2020-12-27T14:35:05","guid":{"rendered":"https:\/\/hovawart.ee\/?page_id=3630"},"modified":"2021-08-09T16:25:25","modified_gmt":"2021-08-09T16:25:25","slug":"kokkutulekud","status":"publish","type":"page","link":"https:\/\/hovawart.ee\/en\/kokkutulekud\/","title":{"rendered":"Reunions"},"content":{"rendered":"<div data-elementor-type=\"wp-page\" data-elementor-id=\"3630\" class=\"elementor elementor-3630\">\n\t\t\t\t\t\t<section class=\"elementor-section elementor-top-section elementor-element elementor-element-2b1a857 elementor-section-boxed elementor-section-height-default elementor-section-height-default\" data-id=\"2b1a857\" data-element_type=\"section\" data-e-type=\"section\" data-settings=\"{&quot;background_background&quot;:&quot;gradient&quot;}\">\n\t\t\t\t\t\t<div class=\"elementor-container elementor-column-gap-no\">\n\t\t\t\t\t<div class=\"elementor-column elementor-col-100 elementor-top-column elementor-element elementor-element-69999ca\" data-id=\"69999ca\" data-element_type=\"column\" data-e-type=\"column\">\n\t\t\t<div class=\"elementor-widget-wrap elementor-element-populated\">\n\t\t\t\t\t\t<div class=\"elementor-element elementor-element-9f1e21e premium-blog-align-left elementor-widget elementor-widget-premium-addon-blog\" data-id=\"9f1e21e\" data-element_type=\"widget\" data-e-type=\"widget\" data-settings=\"{&quot;scroll_to_offset&quot;:&quot;yes&quot;}\" data-widget_type=\"premium-addon-blog.default\">\n\t\t\t\t<div class=\"elementor-widget-container\">\n\t\t\t\t\t\n\t\t\n\n\t\t\t\t<div class=\"premium-blog-wrap  premium-blog-list\" data-page=\"3630\" data-pagination=\"true\">\n\t\t\t\t\t\t\t\t\t<div class=\"premium-blog-post-outer-container\" data-total=\"3\">\n\t\t\t<div class=\"premium-blog-post-container premium-blog-skin-classic\">\n\t\t\t\t\t\t\t\t\t<div class=\"premium-blog-thumb-effect-wrapper\">\n\t\t\t\t\t\t<div class=\"premium-blog-thumbnail-container premium-blog-zoomin-effect\">\n\t\t\t\t\t\t\t<img fetchpriority=\"high\" decoding=\"async\" width=\"1200\" height=\"628\" src=\"https:\/\/hovawart.ee\/wp-content\/uploads\/2024\/10\/Tagadi.jpg\" class=\"attachment-full size-full wp-image-6076\" alt=\"\" srcset=\"https:\/\/hovawart.ee\/wp-content\/uploads\/2024\/10\/Tagadi.jpg 1200w, https:\/\/hovawart.ee\/wp-content\/uploads\/2024\/10\/Tagadi-300x157.jpg 300w, https:\/\/hovawart.ee\/wp-content\/uploads\/2024\/10\/Tagadi-1024x536.jpg 1024w, https:\/\/hovawart.ee\/wp-content\/uploads\/2024\/10\/Tagadi-768x402.jpg 768w, https:\/\/hovawart.ee\/wp-content\/uploads\/2024\/10\/Tagadi-18x9.jpg 18w\" sizes=\"(max-width: 1200px) 100vw, 1200px\" \/>\t\t\t\t\t\t<\/div>\n\t\t\t\t\t\t\t\t\t\t\t\t\t<div class=\"premium-blog-thumbnail-overlay\">\n\t\t\t\t\t\t\t\t<a class=\"elementor-icon\" href=\"https:\/\/hovawart.ee\/en\/kokkutulek-2024\/\" target=\"_blank\"><\/a>\n\t\t\t\t\t\t\t<\/div>\n\n\t\t\t\t\t\t\t\t\t\t\t\t\t\t\t\t\t\t<\/div>\n\t\t\t\t\t\t\t\t\t\t\t\t<div class=\"premium-blog-content-wrapper\">\n\n\t\t\t\t\t<div class=\"premium-blog-inner-container\">\n\n\t\t\t\t\t\t\t\t\t\t\t\t\t\t<h2 class=\"premium-blog-entry-title\">\n\t\t\t<a href=\"https:\/\/hovawart.ee\/en\/kokkutulek-2024\/\" target=\"_blank\">\n\t\t\t\tReunion 2024\t\t\t<\/a>\n\t\t<\/h2>\n\t\t\t\t<div class=\"premium-blog-entry-meta\">\n\t\t\t\n\t\t\t\t\t\t\t<span class=\"premium-blog-meta-separator\">\u2022<\/span>\n\t\t\t\t<div class=\"premium-blog-post-time premium-blog-meta-data\">\n\t\t\t\t\t<i class=\"fa fa-calendar-alt\" aria-hidden=\"true\"><\/i>\n\t\t\t\t\t<span>October 16, 2024<\/span>\n\t\t\t\t<\/div>\n\t\t\t\n\t\t\t\t\t\t\t<span class=\"premium-blog-meta-separator\">\u2022<\/span>\n\t\t\t\t<div class=\"premium-blog-post-categories premium-blog-meta-data\">\n\t\t\t\t\t<i class=\"fa fa-align-left fa-fw\" aria-hidden=\"true\"><\/i>\n\t\t\t\t\t<a href=\"https:\/\/hovawart.ee\/en\/category\/kokkutulek\/\" rel=\"category tag\">Reunion<\/a>\t\t\t\t<\/div>\n\t\t\t\n\t\t\t\t\t<\/div>\n\t\t\n\t\t\t\t\t<\/div>\n\n\t\t\t\t\t\t\t<div class=\"premium-blog-content-inner-wrapper\">\n\t\t<p class=\"premium-blog-post-content\">This year`s annual meeting of the Hovawarts took place on September 7, in Tagadi village, Harju Country. There were 14 Hovawarts and a guest with his dog.<\/p>\t\t<\/div>\n\t\t\t\t\t\t\t\n\t\t\t\t<\/div>\n\t\t\t<\/div>\n\t\t<\/div>\n\n\t\t\t\t<div class=\"premium-blog-post-outer-container\" data-total=\"3\">\n\t\t\t<div class=\"premium-blog-post-container premium-blog-skin-classic\">\n\t\t\t\t\t\t\t\t\t<div class=\"premium-blog-thumb-effect-wrapper\">\n\t\t\t\t\t\t<div class=\"premium-blog-thumbnail-container premium-blog-zoomin-effect\">\n\t\t\t\t\t\t\t<img decoding=\"async\" width=\"1200\" height=\"628\" src=\"https:\/\/hovawart.ee\/wp-content\/uploads\/2024\/04\/2023.jpg\" class=\"attachment-full size-full wp-image-6035\" alt=\"\" srcset=\"https:\/\/hovawart.ee\/wp-content\/uploads\/2024\/04\/2023.jpg 1200w, https:\/\/hovawart.ee\/wp-content\/uploads\/2024\/04\/2023-300x157.jpg 300w, https:\/\/hovawart.ee\/wp-content\/uploads\/2024\/04\/2023-1024x536.jpg 1024w, https:\/\/hovawart.ee\/wp-content\/uploads\/2024\/04\/2023-768x402.jpg 768w, https:\/\/hovawart.ee\/wp-content\/uploads\/2024\/04\/2023-18x9.jpg 18w\" sizes=\"(max-width: 1200px) 100vw, 1200px\" \/>\t\t\t\t\t\t<\/div>\n\t\t\t\t\t\t\t\t\t\t\t\t\t<div class=\"premium-blog-thumbnail-overlay\">\n\t\t\t\t\t\t\t\t<a class=\"elementor-icon\" href=\"https:\/\/hovawart.ee\/en\/kokkutulek-2023\/\" target=\"_blank\"><\/a>\n\t\t\t\t\t\t\t<\/div>\n\n\t\t\t\t\t\t\t\t\t\t\t\t\t\t\t\t\t\t<\/div>\n\t\t\t\t\t\t\t\t\t\t\t\t<div class=\"premium-blog-content-wrapper\">\n\n\t\t\t\t\t<div class=\"premium-blog-inner-container\">\n\n\t\t\t\t\t\t\t\t\t\t\t\t\t\t<h2 class=\"premium-blog-entry-title\">\n\t\t\t<a href=\"https:\/\/hovawart.ee\/en\/kokkutulek-2023\/\" target=\"_blank\">\n\t\t\t\tReunion of 2023\t\t\t<\/a>\n\t\t<\/h2>\n\t\t\t\t<div class=\"premium-blog-entry-meta\">\n\t\t\t\n\t\t\t\t\t\t\t<span class=\"premium-blog-meta-separator\">\u2022<\/span>\n\t\t\t\t<div class=\"premium-blog-post-time premium-blog-meta-data\">\n\t\t\t\t\t<i class=\"fa fa-calendar-alt\" aria-hidden=\"true\"><\/i>\n\t\t\t\t\t<span>April 24, 2024<\/span>\n\t\t\t\t<\/div>\n\t\t\t\n\t\t\t\t\t\t\t<span class=\"premium-blog-meta-separator\">\u2022<\/span>\n\t\t\t\t<div class=\"premium-blog-post-categories premium-blog-meta-data\">\n\t\t\t\t\t<i class=\"fa fa-align-left fa-fw\" aria-hidden=\"true\"><\/i>\n\t\t\t\t\t<a href=\"https:\/\/hovawart.ee\/en\/category\/kokkutulek\/\" rel=\"category tag\">Reunion<\/a>\t\t\t\t<\/div>\n\t\t\t\n\t\t\t\t\t<\/div>\n\t\t\n\t\t\t\t\t<\/div>\n\n\t\t\t\t\t\t\t<div class=\"premium-blog-content-inner-wrapper\">\n\t\t<p class=\"premium-blog-post-content\">This year`s annual meeting of the Hovawarts took place on October 14, in J\u00f5gisoo village, Harju Country. There were 9 Hovawarts and a corgi puppy with their families.<\/p>\t\t<\/div>\n\t\t\t\t\t\t\t\n\t\t\t\t<\/div>\n\t\t\t<\/div>\n\t\t<\/div>\n\n\t\t\t\t\t\t\t<\/div>\n\n\t\t\t\t\t<div class=\"premium-blog-footer\">\n\t\t\t\t\t\t\t<nav class=\"premium-blog-pagination-container\" role=\"navigation\" aria-label=\"Pagination\">\n\t\t\t\t<span aria-current=\"page\" class=\"page-numbers current\">1<\/span>\n<a class=\"page-numbers\" href=\"https:\/\/hovawart.ee\/en\/wp-json\/wp\/v2\/pages\/3630\/page\/2\/\">2<\/a>\n<a class=\"page-numbers\" href=\"https:\/\/hovawart.ee\/en\/wp-json\/wp\/v2\/pages\/3630\/page\/3\/\">3<\/a>\n<a class=\"next page-numbers\" href=\"https:\/\/hovawart.ee\/en\/wp-json\/wp\/v2\/pages\/3630\/page\/2\/\">Next \u00bb<\/a>\t\t\t<\/nav>\n\t\t\t\t\t\t<\/div>\n\t\t\n\t\t\n\t\t\t\t\t\t<\/div>\n\t\t\t\t<\/div>\n\t\t\t\t\t<\/div>\n\t\t<\/div>\n\t\t\t\t\t<\/div>\n\t\t<\/section>\n\t\t\t\t<\/div>","protected":false},"excerpt":{"rendered":"<p>Kokkutulek 2021 \u2022 august 9, 2021 \u2022 Kokkutulek Iga-aastane kokkutulek toimus 8.augustil, J\u00e4gala k\u00fclas, Harjumaal. S\u00fcgiskokkutulek Tallinnas 2020 \u2022 november 24, 2020 \u2022 Kokkutulek Tallinnas Toimus igaaastane s\u00fcgiskokkutulek, kuhu on alati oodatud hovawardid omanikega, perega, s\u00f5pradega ja ka hovawartidest huvituvad inimesed.<\/p>","protected":false},"author":1,"featured_media":0,"parent":0,"menu_order":0,"comment_status":"closed","ping_status":"closed","template":"elementor_header_footer","meta":{"site-sidebar-layout":"no-sidebar","site-content-layout":"page-builder","ast-site-content-layout":"default","site-content-style":"default","site-sidebar-style":"default","ast-global-header-display":"","ast-banner-title-visibility":"","ast-main-header-display":"","ast-hfb-above-header-display":"","ast-hfb-below-header-display":"","ast-hfb-mobile-header-display":"","site-post-title":"disabled","ast-breadcrumbs-content":"","ast-featured-img":"disabled","footer-sml-layout":"","ast-disable-related-posts":"","theme-transparent-header-meta":"default","adv-header-id-meta":"","stick-header-meta":"","header-above-stick-meta":"","header-main-stick-meta":"","header-below-stick-meta":"","astra-migrate-meta-layouts":"default","ast-page-background-enabled":"default","ast-page-background-meta":{"desktop":{"background-color":"","background-image":"","background-repeat":"repeat","background-position":"center center","background-size":"auto","background-attachment":"scroll","background-type":"","background-media":"","overlay-type":"","overlay-color":"","overlay-opacity":"","overlay-gradient":""},"tablet":{"background-color":"","background-image":"","background-repeat":"repeat","background-position":"center center","background-size":"auto","background-attachment":"scroll","background-type":"","background-media":"","overlay-type":"","overlay-color":"","overlay-opacity":"","overlay-gradient":""},"mobile":{"background-color":"","background-image":"","background-repeat":"repeat","background-position":"center center","background-size":"auto","background-attachment":"scroll","background-type":"","background-media":"","overlay-type":"","overlay-color":"","overlay-opacity":"","overlay-gradient":""}},"ast-content-background-meta":{"desktop":{"background-color":"var(--ast-global-color-5)","background-image":"","background-repeat":"repeat","background-position":"center center","background-size":"auto","background-attachment":"scroll","background-type":"","background-media":"","overlay-type":"","overlay-color":"","overlay-opacity":"","overlay-gradient":""},"tablet":{"background-color":"var(--ast-global-color-5)","background-image":"","background-repeat":"repeat","background-position":"center center","background-size":"auto","background-attachment":"scroll","background-type":"","background-media":"","overlay-type":"","overlay-color":"","overlay-opacity":"","overlay-gradient":""},"mobile":{"background-color":"var(--ast-global-color-5)","background-image":"","background-repeat":"repeat","background-position":"center center","background-size":"auto","background-attachment":"scroll","background-type":"","background-media":"","overlay-type":"","overlay-color":"","overlay-opacity":"","overlay-gradient":""}},"footnotes":""},"class_list":["post-3630","page","type-page","status-publish","hentry"],"_links":{"self":[{"href":"https:\/\/hovawart.ee\/en\/wp-json\/wp\/v2\/pages\/3630","targetHints":{"allow":["GET"]}}],"collection":[{"href":"https:\/\/hovawart.ee\/en\/wp-json\/wp\/v2\/pages"}],"about":[{"href":"https:\/\/hovawart.ee\/en\/wp-json\/wp\/v2\/types\/page"}],"author":[{"embeddable":true,"href":"https:\/\/hovawart.ee\/en\/wp-json\/wp\/v2\/users\/1"}],"replies":[{"embeddable":true,"href":"https:\/\/hovawart.ee\/en\/wp-json\/wp\/v2\/comments?post=3630"}],"version-history":[{"count":8,"href":"https:\/\/hovawart.ee\/en\/wp-json\/wp\/v2\/pages\/3630\/revisions"}],"predecessor-version":[{"id":5701,"href":"https:\/\/hovawart.ee\/en\/wp-json\/wp\/v2\/pages\/3630\/revisions\/5701"}],"wp:attachment":[{"href":"https:\/\/hovawart.ee\/en\/wp-json\/wp\/v2\/media?parent=3630"}],"curies":[{"name":"wp","href":"https:\/\/api.w.org\/{rel}","templated":true}]}}