{"id":1873,"date":"2020-12-12T22:14:58","date_gmt":"2020-12-12T22:14:58","guid":{"rendered":"https:\/\/hovawart.ee\/?page_id=1873"},"modified":"2020-12-31T23:56:43","modified_gmt":"2020-12-31T23:56:43","slug":"pohikiri","status":"publish","type":"page","link":"https:\/\/hovawart.ee\/en\/pohikiri\/","title":{"rendered":"Statutes"},"content":{"rendered":"<div data-elementor-type=\"wp-page\" data-elementor-id=\"1873\" class=\"elementor elementor-1873\">\n\t\t\t\t\t\t<section class=\"elementor-section elementor-top-section elementor-element elementor-element-2b1a857 elementor-section-boxed elementor-section-height-default elementor-section-height-default\" data-id=\"2b1a857\" data-element_type=\"section\" data-e-type=\"section\" data-settings=\"{&quot;background_background&quot;:&quot;gradient&quot;}\">\n\t\t\t\t\t\t<div class=\"elementor-container elementor-column-gap-no\">\n\t\t\t\t\t<div class=\"elementor-column elementor-col-100 elementor-top-column elementor-element elementor-element-a5ad8ea\" data-id=\"a5ad8ea\" data-element_type=\"column\" data-e-type=\"column\">\n\t\t\t<div class=\"elementor-widget-wrap elementor-element-populated\">\n\t\t\t\t\t\t<div class=\"elementor-element elementor-element-14862f3 elementor-widget elementor-widget-heading\" data-id=\"14862f3\" data-element_type=\"widget\" data-e-type=\"widget\" data-widget_type=\"heading.default\">\n\t\t\t\t<div class=\"elementor-widget-container\">\n\t\t\t\t\t<h3 class=\"elementor-heading-title elementor-size-default\">Statutes of the Estonian Hovawart Society<\/h3>\t\t\t\t<\/div>\n\t\t\t\t<\/div>\n\t\t\t\t<div class=\"elementor-element elementor-element-c1a5d76 elementor-view-default elementor-widget elementor-widget-icon\" data-id=\"c1a5d76\" data-element_type=\"widget\" data-e-type=\"widget\" data-widget_type=\"icon.default\">\n\t\t\t\t<div class=\"elementor-widget-container\">\n\t\t\t\t\t\t\t<div class=\"elementor-icon-wrapper\">\n\t\t\t<a class=\"elementor-icon\" href=\"https:\/\/hovawart.ee\/wp-content\/uploads\/2020\/12\/Eesti-Hovawartide-Touuhingu-pohikiri-1.pdf\">\n\t\t\t<i aria-hidden=\"true\" class=\"fas fa-file-pdf\"><\/i>\t\t\t<\/a>\n\t\t<\/div>\n\t\t\t\t\t\t<\/div>\n\t\t\t\t<\/div>\n\t\t\t\t<div class=\"elementor-element elementor-element-b6b3c3b elementor-widget elementor-widget-text-editor\" data-id=\"b6b3c3b\" data-element_type=\"widget\" data-e-type=\"widget\" data-widget_type=\"text-editor.default\">\n\t\t\t\t<div class=\"elementor-widget-container\">\n\t\t\t\t\t\t\t\t\t<ol><li><strong> \u00dcLDS\u00c4TTED<\/strong><\/li><\/ol><p>1.1\u00a0\u00a0\u00a0\u00a0\u00a0\u00a0\u00a0 Mittetulundus\u00fchingu nimi on Eesti Hovawartide T\u00f5u\u00fching (edaspidi l\u00fchendatult EHT\u00dc) ning inglise keeles Non-Profit Association Estonian Hovawart Society<\/p><p>1.2\u00a0\u00a0\u00a0\u00a0\u00a0\u00a0\u00a0 Mittetulundus\u00fchingu EHT\u00dc asukohaks on Tallinn, Eesti Vabariik<\/p><p>1.3\u00a0\u00a0\u00a0\u00a0\u00a0\u00a0\u00a0 Mittetulundus\u00fchinguna on EHT\u00dc era\u00f5iguslik juriidiline isik, kes juhindub oma tegevuses Eesti Vabariigi seadustest ja teistest \u00f5igusaktidest ning oma p\u00f5hikirjast. Mittetulundus\u00fchinguna on EHT\u00dc Hovawartide aretust\u00f6\u00f6d juhtiv ja korraldav \u00fclevabariiklik Eesti Kennelliidu (EKL) liikmes\u00fching, kes juhindub ka EKL p\u00f5hikirjast ja otsustest, aga samuti Rahvusvahelise K\u00fcnoloogia F\u00f6deratsiooni (Federation Cynologique Internationale &#8211; FCI) normatiivdokumentidest.<\/p><p>1.4\u00a0\u00a0\u00a0\u00a0\u00a0\u00a0\u00a0 EHT\u00dc majandusaastaks on kalendriaasta, s.o alates 1. jaanuarist kuni 31. detsembrini<\/p><ol start=\"2\"><li><strong> MITTETULUNDUS\u00dcHINGU EESM\u00c4RGID<\/strong><\/li><\/ol><p>2.1 EHT\u00dc tegevuse eesm\u00e4rkideks on:<\/p><p>2.1.1 \u00a0\u00a0\u00a0 \u00dchendada isikuid, kelle tegevus ja\/v\u00f5i harrastus on seotud Hovawardi koerat\u00f5uga, harrastustegevuse korraldamine ning Hovawardi koerat\u00f5u tutvustamine, t\u00f5uaretuse koordineerimine ja t\u00f5ualase selgitust\u00f6\u00f6 tegemine;<\/p><p>2.1.2 \u00a0\u00a0\u00a0 Hovawartide aretuse ja leviku suunamine, kennelteadlikkuse s\u00fcvendamine, samuti koeraomanike ja \u2013kasvatajate teadlikkuse t\u00f5stmine ning erialase v\u00e4lja\u00f5ppe korraldamine;<\/p><p>2.2 Seatud eesm\u00e4rkide saavutamiseks EHT\u00dc:<\/p><p>2.2.1 \u00a0\u00a0\u00a0 osaleb t\u00f5uklubide ja liikmete \u00fchenduste loomisel ning suunab Hovawartide t\u00f5uaretust Eesti Vabariigis;<\/p><p>2.2.2 \u00a0\u00a0\u00a0 korraldab koost\u00f6\u00f6s teiste kennelpiirkondade ja kontaktisikutega Hovawardi koerat\u00f5u aretuse taseme, teadmiste ja t\u00f5u kvaliteedi t\u00f5stmist, samuti Hovawardi koerat\u00f5u tutvustamist;<\/p><p>2.2.3 \u00a0\u00a0\u00a0 korraldab Hovawardi t\u00f5u n\u00e4itusi, \u00f5ppusi ja v\u00f5istlusi ning teisi kenneltegevusega seotud \u00fcritusi;<\/p><p>2.2.4 \u00a0\u00a0\u00a0 organiseerib ja viib l\u00e4bi Hovawardi koerat\u00f5u osas koosolekuid ja seminare, samuti kohtunike ja ekspertide erialast koolitust;<\/p><p>2.2.5 \u00a0\u00a0\u00a0 loob Hovawardi koerat\u00f5u osas sidemeid rahvusvaheliste organisatsioonide ning teiste riikide Hovawartide \u00fchingutega;<\/p><p>2.2.6 \u00a0\u00a0\u00a0 korraldab koost\u00f6\u00f6d Eesti Kennelliidu ning teiste organisatsioonide ja \u00fchingutega, muuhulgas teeb ettepanekuid ekspertide ja kohtunike valiku suhtes n\u00e4ituste, katsete ja v\u00f5istluste l\u00e4biviimiseks.<\/p><ol start=\"3\"><li><strong> MITTETULUNDUS\u00dcHINGU LIIKMELISUS<\/strong><\/li><\/ol><p>3.1 \u00a0\u00a0\u00a0\u00a0\u00a0\u00a0 Mittetulundus\u00fchingu EHT\u00dc liikmeks v\u00f5ib olla iga f\u00fc\u00fcsiline v\u00f5i juriidiline isik. Mittetulundus\u00fchingu liikmeks v\u00f5etakse kirjaliku avalduse alusel ja liikmeks vastuv\u00f5tmise otsustab mittetulundus\u00fchingu juhatus. Mittetulundus\u00fchingu liikmeteks on ilma sellekohast avaldust esitamata ka k\u00f5ik mittetulundus\u00fchingu asutajad.<\/p><p>3.2 \u00a0\u00a0\u00a0\u00a0\u00a0\u00a0 Mittetulundus\u00fchingu liikmeks vastuv\u00f5tmise avalduse esitamisel tasutakse taotleja poolt mittetulundus\u00fchingule \u00fcldkoosoleku poolt kehtestatud suuruses sisseastumismaks ja aastamaks.<\/p><p>3.3 \u00a0\u00a0\u00a0\u00a0\u00a0\u00a0 Mittetulundus\u00fchingu juhatus peab oma liikmete \u00fcle arvestust.<\/p><p>3.4 \u00a0\u00a0\u00a0\u00a0\u00a0\u00a0 Mittetulundus\u00fchingu liikmel on \u00f5igus avalduse alusel mittetulundus\u00fchingust v\u00e4lja astuda ainult majandusaasta l\u00f5pul ja tingimusel, et sellest on mittetulundus\u00fchingu juhatusele kirjalikult ette teatatud v\u00e4hemalt kuusk\u00fcmmend (60) p\u00e4eva.<\/p><p>3.5 \u00a0\u00a0\u00a0\u00a0\u00a0\u00a0 Mittetulundus\u00fchingu liikme v\u00f5ib mittetulundus\u00fchingust v\u00e4lja arvata juhatuse otsusega kui liige ei t\u00e4ida, teadlikult eirab v\u00f5i rikub EHT\u00dc poolt kinnitatud t\u00f5uaretusm\u00e4\u00e4rustikku, p\u00f5hikirjas\u00e4tete t\u00e4itmata j\u00e4tmise v\u00f5i mittetulundus\u00fchingu olulisel m\u00e4\u00e4ral kahjustamise t\u00f5ttu. Liikme mittetulundus\u00fchingust v\u00e4ljaarvamisel ei kuulu tema poolt tehtud sisseastumis- ja\/v\u00f5i liikmemaksud ega muud maksed mittetulundus\u00fchingu poolt talle tagastamisele.<\/p><ol start=\"4\"><li><strong> MITTETULUNDUS\u00dcHINGU LIIKMETE \u00d5IGUSED JA KOHUSTUSED<\/strong><\/li><\/ol><p>4.1Mittetulundus\u00fchingu liikmel on \u00f5igus:<\/p><p>4.1.1\u00a0\u00a0\u00a0\u00a0 Osaleda ja h\u00e4\u00e4letada EHT\u00dc \u00fcldkoosolekul kas isiklikult v\u00f5i esindaja kaudu;<\/p><p>4.1.2\u00a0\u00a0\u00a0\u00a0 valida ja olla valitud EHT\u00dc juhatusse<\/p><p>4.1.3\u00a0\u00a0\u00a0\u00a0 saada teavet mittetulundus\u00fchingu juhatuse tegevuse ja juhatuse poolt vastuv\u00f5etud otsuste kohta, samuti revidendi v\u00f5i audiitori m\u00e4rgukirjade ja j\u00e4reldusotsuste kohta;<\/p><p>4.1.4\u00a0\u00a0\u00a0\u00a0 esitada juhatusele avaldusi, kaebusi ja j\u00e4relep\u00e4rimisi seoses mittetulundus\u00fchingu tegevusega;<\/p><p>4.1.5 \u00a0\u00a0 taotleda juhatuselt mittetulundus\u00fchingu liikmete \u00fcldkoosoleku kokkukutsumist;<\/p><p>4.1.6 \u00a0\u00a0\u00a0 osaleda koos oma perekonnaliikmete ja\/v\u00f5i koeraga (vastavalt v\u00f5imalustele) k\u00f5ikidel mittetulundus\u00fchingu poolt korraldatavatel \u00fcritustel;<\/p><p>4.1.7 \u00a0\u00a0\u00a0 kasutada teisi seadusest ja k\u00e4esolevast p\u00f5hikirjast tulenevaid mittetulundus\u00fchingu liikme \u00f5igusi.<\/p><p>4.2 Mittetulundus\u00fchingu liikmed on kohustatud:<\/p><p>4.2.1\u00a0\u00a0\u00a0\u00a0 t\u00e4itma seadusest ning k\u00e4esolevast p\u00f5hikirjast tulenevaid kohustusi, mittetulundus\u00fchingu liikmete \u00fcldkoosoleku ja juhatuse otsuseid ning ettekirjutusi;<\/p><p>4.2.2\u00a0\u00a0\u00a0\u00a0 tasuma mittetulundus\u00fchingu liikmete \u00fcldkoosoleku poolt kehtestatud m\u00e4\u00e4ras ja tingimustel liikmemaksu;<\/p><p>4.2.3 \u00a0\u00a0 hoidma ja s\u00e4ilitama mittetulundus\u00fchingu vara;<\/p><p>4.2.4\u00a0\u00a0\u00a0\u00a0 koerte kasvatamisel suhtuma loomadesse heatahtlikult ja heaperemehelikult, hoidudes looduses ja loomade seas v\u00e4givalla tarvitamisest<\/p><ol start=\"5\"><li><strong> MITTETULUNDUS\u00dcHINGU VARA JA MAJANDUSTEGEVUS<\/strong><\/li><\/ol><p>5.1 \u00a0\u00a0\u00a0\u00a0\u00a0\u00a0 Mittetulundus\u00fchingu vara tekib mittetulundus\u00fchingu liikmete sisseastumismaksudest, liikmemaksudest ja muudest maksetest, laenudest, riigi- ja kohaliku omavalituse majandusabist ning muudest seadusega lubatud laekumistest.<\/p><p>5.2\u00a0\u00a0\u00a0\u00a0\u00a0\u00a0\u00a0 Mittetulundus\u00fchingu omanduses v\u00f5ib olla igasugune vara, mis on vajalik mittetulundus\u00fchingu p\u00f5hikirjaliste eesm\u00e4rkide saavutamiseks ja mille omandamine ei ole vastuolus seadusega.<\/p><p>5.3 \u00a0\u00a0\u00a0\u00a0\u00a0\u00a0 Mittetulundus\u00fchingu liikmed ei vastuta mittetulundus\u00fchingu kohustuste eest. Kui mittetulundus\u00fchingu liige ei ole liikmemaksu t\u00e4ielikult tasunud, vastutab ta mittetulundus\u00fchingu kohustuste eest tasumata liikmemaksu ulatuses.<\/p><p>5.4 \u00a0\u00a0\u00a0\u00a0\u00a0\u00a0 Mittetulundus\u00fchingu liikmel ei ole \u00f5igust mittetulundus\u00fchingu varale ega mittetulundus\u00fchingul oma liikme varale.<\/p><ol start=\"6\"><li><strong> \u00dcLDKOOSOLEK<\/strong><\/li><\/ol><p>6.1 \u00a0\u00a0\u00a0\u00a0\u00a0\u00a0 Mittetulundus\u00fchingu k\u00f5rgeimaks organiks on selle liikmete \u00fcldkoosolek. \u00dcldkoosolek v\u00f5tab vastu otsuseid k\u00f5ikides mittetulundus\u00fchingu juhtimise k\u00fcsimustes, mida ei ole seaduse v\u00f5i p\u00f5hikirjaga antud juhatuse p\u00e4devusse.<\/p><p>6.2 \u00a0\u00a0\u00a0\u00a0\u00a0\u00a0 Mittetulundus\u00fchingu liikmete \u00fcldkoosoleku kutsub seaduses etten\u00e4htud korras kokku juhatus, teatades sellest liikmetele kirjalikku taasesitamist v\u00f5imaldavas vormis (kirja, faksi v\u00f5i elektronposti teel) ette v\u00e4hemalt seitse (7) p\u00e4eva. Mittetulundus\u00fchingu liikmete \u00fcldkoosolek on otsustusv\u00f5imeline, kui sellest v\u00f5tab osa \u00fcle poole mittetulundus\u00fchingu liikmetest. Kui mittetulundus\u00fchingu liikmete \u00fcldkoosolekul ei ole esindatud n\u00f5utav arv mittetulundus\u00fchingu liikmetest on uus, otsustusv\u00f5imeline \u00fcldkoosolek lubatud kokkukutsuda 1 tund peale esimese \u00fcldkoosoleku algust, kui esialgses teatises on vastav m\u00e4rge.\u00a0Uus \u00fcldkoosolek on p\u00e4dev vastu v\u00f5tma otsuseid, s\u00f5ltumata koosolekul esindatud mittetulundus\u00fchingu liikmete arvust.<\/p><p>6.3 \u00a0\u00a0\u00a0\u00a0\u00a0\u00a0 Igal mittetulundus\u00fchingu liikmel on \u00fcks h\u00e4\u00e4l.<\/p><p>6.4 \u00a0\u00a0\u00a0\u00a0\u00a0\u00a0 Kui mittetulundus\u00fching liige ei saa \u00fcldkoosolekust osa v\u00f5tta, on tal \u00f5igus lihtkirjaliku volikirja alusel volitada teist mittetulundus\u00fchingu liiget teda esindama ja h\u00e4\u00e4letama.<\/p><p>6.5 \u00a0\u00a0\u00a0\u00a0\u00a0\u00a0 Mittetulundus\u00fchingu liikmete \u00fcldkoosoleku otsus on vastu v\u00f5etud, kui selle poolt h\u00e4\u00e4letab \u00fcle poole koosolekul osalenud mittetulundus\u00fchingu liikmetest v\u00f5i nende esindajatest. \u00dcldkoosoleku otsus loetakse vastuv\u00f5etuks koosolekut kokku kutsumata, kui otsuse poolt h\u00e4\u00e4letavad kirjalikult k\u00f5ik mittetulundus\u00fchingu liikmed.<\/p><p>6.6 \u00a0\u00a0\u00a0\u00a0\u00a0\u00a0 Mittetulundus\u00fchingu liikmete \u00fcldkoosoleku otsus mittetulundus\u00fchingu p\u00f5hikirja muutmise kohta, samuti otsus mittetulundus\u00fchingu l\u00f5petamise kohta on vastu v\u00f5etud, kui selle poolt on h\u00e4\u00e4letanud \u00fcle kahe kolmandiku (2\/3) \u00fcldkoosolekul osalenud liikmetest v\u00f5i nende esindajatest. Mittetulundus\u00fchingu p\u00f5hikirjas etten\u00e4htud mittetulundus\u00fchingu eesm\u00e4rgi muutmiseks on vajalik v\u00e4hemalt \u00fcheksa k\u00fcmnendiku (9\/10) mittetulundus\u00fchingu liikmete n\u00f5usolek.<\/p><ol start=\"7\"><li><strong> JUHATUS<\/strong><\/li><\/ol><p>7.1 \u00a0\u00a0\u00a0\u00a0\u00a0\u00a0 Juhatus on mittetulundus\u00fchingu alaliselt tegutsev juhtimisorgan, mis juhib ja esindab mittetulundus\u00fchingut. Mittetulundus\u00fchingu juhatus koosneb kahest (2) kuni seitsmest (7) liikmest. Mittetulundus\u00fchingu juhatuse liikmed m\u00e4\u00e4ratakse mittetulundus\u00fchingu liikmete \u00fcldkoosoleku poolt t\u00e4htajaga kaheks (2) aastaks.<\/p><p>7.2 \u00a0\u00a0\u00a0\u00a0\u00a0\u00a0 Kui mittetulundus\u00fchingu juhatuses on \u00fcle kahe (2) liikme, nimetab mittetulundus\u00fchingu liikmete \u00fcldkoosolek juhatuse liikmete seast juhatuse esimehe, kes korraldab juhatuse t\u00f6\u00f6d. Juhatuse esimehe \u00e4raolekul asendab teda \u00fcks juhatuse liikmetest juhatuse otsusel.<\/p><p>7.3 \u00a0\u00a0\u00a0\u00a0\u00a0\u00a0 Mittetulundus\u00fchingut v\u00f5ib k\u00f5igis \u00f5igustoimingutes esindada kaks (2) juhatuse liiget \u00fchiselt. Kui mittetulundus\u00fchingu liikmete \u00fcldkoosolek ei otsusta teisiti, ei ole juhatuse liikmel \u00f5igust n\u00f5uda mittetulundus\u00fchingult tema poolt oma \u00fclesannete t\u00e4itmisel tehtud vajalike kulutuste h\u00fcvitamist.<\/p><p>7.4 \u00a0\u00a0\u00a0\u00a0\u00a0\u00a0 Lisaks k\u00e4esoleva p\u00f5hikirja punktis 7.1 s\u00e4testatule kuulub mittetulundus\u00fchingu juhatuse p\u00e4devusse:<\/p><p>7.4.1 \u00a0\u00a0 mittetulundus\u00fchingu liikmete vastuv\u00f5tmine ja nende \u00fcle arvestuse pidamine;<\/p><p>7.4.2\u00a0\u00a0\u00a0\u00a0 mittetulundus\u00fchingu liikmetelt liikmemaksude laekumise j\u00e4lgimine;<\/p><p>7.4.3 \u00a0\u00a0 vastavalt vajadusele mittetulundus\u00fchingu komisjonide moodustamine;<\/p><p>7.4.4 \u00a0\u00a0\u00a0 mittetulundus\u00fchingu \u00fcrituste korraldamine ning suhtlemine Eesti Kennelliidu ning teiste organisatsioonide ja \u00fchingutega;<\/p><p>7.4.5 \u00a0\u00a0 mittetulundus\u00fchingu raamatupidamise korraldamine;<\/p><p>7.4.6 \u00a0\u00a0\u00a0 mittetulundus\u00fchingu raamatupidamise aastaaruande ja tegevusaruande koostamine ning liikmete \u00fcldkoosolekule kinnitamiseks esitamine;<\/p><p>7.4.7 \u00a0\u00a0 mittetulundus\u00fchingu nimel lepingute s\u00f5lmimine;<\/p><p>7.4.8 \u00a0\u00a0 mittetulundus\u00fchingu huvide eest seismine;<\/p><p>7.4.9 \u00a0\u00a0\u00a0 aretust\u00f6\u00f6d, n\u00e4itusi, kohtunikke, katseid ja v\u00f5istlusi puudutavate eeskirjade vastu v\u00f5tmine ning kinnitamine ja nende teatavaks mittetulundus\u00fchingu liikmetele ja EKL-le.<\/p><p>7.4.10 mittetulundus\u00fchingu liikmete \u00fcldkoosoleku otsuste t\u00e4itmine ning muude seadusest tulenevate kohustuste t\u00e4itmine, sh mittetulundus\u00fchingu liikmete \u00fcldkoosolekute kokkukutsumine.<\/p><p>7.5 \u00a0\u00a0\u00a0\u00a0\u00a0\u00a0 Juhatuse koosolekud toimuvad vastavalt vajadusele, kuid mitte harvem kui kaks (2) korda aastas. Juhatuse koosolekud kutsub kokku juhatuse esimees v\u00f5i kui juhatuses on ainult kaks (2) liiget, siis \u00fcks juhatuse liikmetest. Juhatuse koosolek on p\u00e4dev otsuseid vastu v\u00f5tma, kui koosolekul osaleb v\u00e4hemalt \u00fcle poole mittetulundus\u00fchingu juhatuse liikmetest. Juhatuse otsus loetakse vastuv\u00f5etuks koosolekut kokku kutsumata, kui otsuse poolt h\u00e4\u00e4letavad kirjalikult k\u00f5ik mittetulundus\u00fchingu juhatuse liikmed.<\/p><ol start=\"8\"><li><strong> J\u00c4RELEVALVE TEOSTAMINE<\/strong><\/li><\/ol><p>8.1 \u00a0\u00a0\u00a0\u00a0\u00a0\u00a0 Mittetulundus\u00fchingu liikmete \u00fcldkoosolek v\u00f5ib mittetulundus\u00fchingu teiste organite tegevuse \u00fcle j\u00e4relevalve teostamiseks m\u00e4\u00e4rata revisjoni v\u00f5i audiitorkontrolli.<\/p><p>8.2 \u00a0\u00a0\u00a0\u00a0\u00a0\u00a0 Mittetulundus\u00fchingu revidendiks v\u00f5i audiitoriks ei v\u00f5i olla mittetulundus\u00fchingu juhatuse liige ega raamatupidaja.<\/p><ol start=\"9\"><li><strong> MITTETULUNDUS\u00dcHINGU L\u00d5PETAMINE, \u00dcHINEMINE JA JAGUNEMINE<\/strong><\/li><\/ol><p>9.1 \u00a0\u00a0\u00a0\u00a0\u00a0\u00a0 Mittetulundus\u00fchingu l\u00f5petamine toimub mittetulundus\u00fchingu liikmete \u00fcldkoosoleku otsusel; mittetulundus\u00fchingu pankroti v\u00e4ljakuulutamisel v\u00f5i pankrotimenetluse raugemisega enne pankroti v\u00e4ljakuulutamist; mittetulundus\u00fchingu liikmete arvu v\u00e4henemisel alla kahe (2); \u00fcldkoosoleku v\u00f5imetuse korral m\u00e4\u00e4rata seaduses v\u00f5i p\u00f5hikirjaga etten\u00e4htud organite liikmed; samuti muul seaduses etten\u00e4htud alusel.<\/p><p>9.2 \u00a0\u00a0\u00a0\u00a0\u00a0\u00a0 Mittetulundus\u00fching v\u00f5ib seaduses etten\u00e4htud korras \u00fchineda teise mittetulundus\u00fchinguga. Mittetulundus\u00fchingu jagunemine toimub likvideerimismenetluseta seaduses etten\u00e4htud korras jaotumise v\u00f5i eraldumise teel.<\/p><p>9.3 \u00a0\u00a0\u00a0\u00a0\u00a0\u00a0 Mittetulundus\u00fchingu tegevuse l\u00f5ppedes l\u00e4heb arhiiv ja allesj\u00e4\u00e4v vara \u00fcle EKL-ile v\u00f5i \u00f5igusj\u00e4rgsele organisatsioonile mittetulundus\u00fchingu viimase \u00fcldkoosoleku otsuse alusel.<\/p><p>K\u00e4esolev p\u00f5hikiri on kinnitatud Tallinnas, aastal Mittetulundus\u00fching EHT\u00dc asutamislepinguga.<\/p>\t\t\t\t\t\t\t\t<\/div>\n\t\t\t\t<\/div>\n\t\t\t\t\t<\/div>\n\t\t<\/div>\n\t\t\t\t\t<\/div>\n\t\t<\/section>\n\t\t\t\t<\/div>","protected":false},"excerpt":{"rendered":"<p>EESTI HOVAWARTIDE T\u00d5U\u00dcHINGU P\u00d5HIKIRI \u00dcLDS\u00c4TTED 1.1\u00a0\u00a0\u00a0\u00a0\u00a0\u00a0\u00a0 Mittetulundus\u00fchingu nimi on Eesti Hovawartide T\u00f5u\u00fching (edaspidi l\u00fchendatult EHT\u00dc) ning inglise keeles Non-Profit Association Estonian Hovawart Society 1.2\u00a0\u00a0\u00a0\u00a0\u00a0\u00a0\u00a0 Mittetulundus\u00fchingu EHT\u00dc asukohaks on Tallinn, Eesti Vabariik 1.3\u00a0\u00a0\u00a0\u00a0\u00a0\u00a0\u00a0 Mittetulundus\u00fchinguna on EHT\u00dc era\u00f5iguslik juriidiline isik, kes juhindub oma tegevuses Eesti Vabariigi seadustest ja teistest \u00f5igusaktidest ning oma p\u00f5hikirjast. Mittetulundus\u00fchinguna on EHT\u00dc Hovawartide [&hellip;]<\/p>\n","protected":false},"author":1,"featured_media":0,"parent":0,"menu_order":0,"comment_status":"closed","ping_status":"closed","template":"","meta":{"site-sidebar-layout":"no-sidebar","site-content-layout":"page-builder","ast-site-content-layout":"default","site-content-style":"default","site-sidebar-style":"default","ast-global-header-display":"","ast-banner-title-visibility":"","ast-main-header-display":"","ast-hfb-above-header-display":"","ast-hfb-below-header-display":"","ast-hfb-mobile-header-display":"","site-post-title":"disabled","ast-breadcrumbs-content":"","ast-featured-img":"disabled","footer-sml-layout":"","ast-disable-related-posts":"","theme-transparent-header-meta":"default","adv-header-id-meta":"","stick-header-meta":"","header-above-stick-meta":"","header-main-stick-meta":"","header-below-stick-meta":"","astra-migrate-meta-layouts":"default","ast-page-background-enabled":"default","ast-page-background-meta":{"desktop":{"background-color":"","background-image":"","background-repeat":"repeat","background-position":"center center","background-size":"auto","background-attachment":"scroll","background-type":"","background-media":"","overlay-type":"","overlay-color":"","overlay-opacity":"","overlay-gradient":""},"tablet":{"background-color":"","background-image":"","background-repeat":"repeat","background-position":"center center","background-size":"auto","background-attachment":"scroll","background-type":"","background-media":"","overlay-type":"","overlay-color":"","overlay-opacity":"","overlay-gradient":""},"mobile":{"background-color":"","background-image":"","background-repeat":"repeat","background-position":"center center","background-size":"auto","background-attachment":"scroll","background-type":"","background-media":"","overlay-type":"","overlay-color":"","overlay-opacity":"","overlay-gradient":""}},"ast-content-background-meta":{"desktop":{"background-color":"var(--ast-global-color-5)","background-image":"","background-repeat":"repeat","background-position":"center center","background-size":"auto","background-attachment":"scroll","background-type":"","background-media":"","overlay-type":"","overlay-color":"","overlay-opacity":"","overlay-gradient":""},"tablet":{"background-color":"var(--ast-global-color-5)","background-image":"","background-repeat":"repeat","background-position":"center center","background-size":"auto","background-attachment":"scroll","background-type":"","background-media":"","overlay-type":"","overlay-color":"","overlay-opacity":"","overlay-gradient":""},"mobile":{"background-color":"var(--ast-global-color-5)","background-image":"","background-repeat":"repeat","background-position":"center center","background-size":"auto","background-attachment":"scroll","background-type":"","background-media":"","overlay-type":"","overlay-color":"","overlay-opacity":"","overlay-gradient":""}},"footnotes":""},"class_list":["post-1873","page","type-page","status-publish","hentry"],"_links":{"self":[{"href":"https:\/\/hovawart.ee\/en\/wp-json\/wp\/v2\/pages\/1873","targetHints":{"allow":["GET"]}}],"collection":[{"href":"https:\/\/hovawart.ee\/en\/wp-json\/wp\/v2\/pages"}],"about":[{"href":"https:\/\/hovawart.ee\/en\/wp-json\/wp\/v2\/types\/page"}],"author":[{"embeddable":true,"href":"https:\/\/hovawart.ee\/en\/wp-json\/wp\/v2\/users\/1"}],"replies":[{"embeddable":true,"href":"https:\/\/hovawart.ee\/en\/wp-json\/wp\/v2\/comments?post=1873"}],"version-history":[{"count":31,"href":"https:\/\/hovawart.ee\/en\/wp-json\/wp\/v2\/pages\/1873\/revisions"}],"predecessor-version":[{"id":4532,"href":"https:\/\/hovawart.ee\/en\/wp-json\/wp\/v2\/pages\/1873\/revisions\/4532"}],"wp:attachment":[{"href":"https:\/\/hovawart.ee\/en\/wp-json\/wp\/v2\/media?parent=1873"}],"curies":[{"name":"wp","href":"https:\/\/api.w.org\/{rel}","templated":true}]}}