{"id":1143,"date":"2020-12-06T21:38:37","date_gmt":"2020-12-06T21:38:37","guid":{"rendered":"https:\/\/hovawart.ee\/?page_id=1143"},"modified":"2021-01-01T18:02:10","modified_gmt":"2021-01-01T18:02:10","slug":"toustandard","status":"publish","type":"page","link":"https:\/\/hovawart.ee\/en\/toustandard\/","title":{"rendered":"Breeding Standard"},"content":{"rendered":"<div data-elementor-type=\"wp-page\" data-elementor-id=\"1143\" class=\"elementor elementor-1143\">\n\t\t\t\t\t\t<section class=\"elementor-section elementor-top-section elementor-element elementor-element-2b1a857 elementor-section-boxed elementor-section-height-default elementor-section-height-default\" data-id=\"2b1a857\" data-element_type=\"section\" data-e-type=\"section\" data-settings=\"{&quot;background_background&quot;:&quot;gradient&quot;}\">\n\t\t\t\t\t\t<div class=\"elementor-container elementor-column-gap-no\">\n\t\t\t\t\t<div class=\"elementor-column elementor-col-50 elementor-top-column elementor-element elementor-element-69999ca\" data-id=\"69999ca\" data-element_type=\"column\" data-e-type=\"column\">\n\t\t\t<div class=\"elementor-widget-wrap elementor-element-populated\">\n\t\t\t\t\t\t<div class=\"elementor-element elementor-element-7c9cf87 elementor-widget elementor-widget-heading\" data-id=\"7c9cf87\" data-element_type=\"widget\" data-e-type=\"widget\" data-widget_type=\"heading.default\">\n\t\t\t\t<div class=\"elementor-widget-container\">\n\t\t\t\t\t<h1 class=\"elementor-heading-title elementor-size-default\">Hovawart<\/h1>\t\t\t\t<\/div>\n\t\t\t\t<\/div>\n\t\t\t\t<div class=\"elementor-element elementor-element-b24e988 elementor-widget elementor-widget-text-editor\" data-id=\"b24e988\" data-element_type=\"widget\" data-e-type=\"widget\" data-widget_type=\"text-editor.default\">\n\t\t\t\t<div class=\"elementor-widget-container\">\n\t\t\t\t\t\t\t\t\t<table><tbody><tr class=\"breed\"><th class=\"breed\" style=\"text-align: center;\" colspan=\"2\"><a title=\"Rahvusvaheline K\u00fcnoloogiline F\u00f6deratsioon\" href=\"https:\/\/et.wikipedia.org\/wiki\/Rahvusvaheline_K%C3%BCnoloogiline_F%C3%B6deratsioon\">FCI<\/a>\u00a0standard nr 190<\/th><\/tr><tr><th scope=\"col\">Group<\/th><td><b>2<\/b>: Pinscher and Schnauzer\nMolossoid breeds- Swiss\nMountain and Cattle\nDogs.<\/td><\/tr><tr><th scope=\"col\">Subgroup<\/th><td><b>2<\/b>: Molossoid breeds<\/td><\/tr><tr><th scope=\"col\">Subsection<\/th><td><b>2<\/b>: Mountain type<\/td><\/tr><tr><th scope=\"col\">Standard nr<\/th><td><b>190<\/b>\u00a0\u00a0 25.09.1998 (<a class=\"external text\" href=\"http:\/\/fci.be\/en\/nomenclature\/HOVAWART-190.html\" rel=\"nofollow\">en<\/a>\u00a0<a class=\"external text\" href=\"http:\/\/kennelliit.ee\/wp-content\/uploads\/2017\/03\/190_hovawart.pdf\" rel=\"nofollow\">et<\/a>)<\/td><\/tr><tr><th scope=\"col\">Origin<\/th><td><img decoding=\"async\" class=\"thumbborder\" title=\"Germany\" src=\"https:\/\/upload.wikimedia.org\/wikipedia\/commons\/thumb\/b\/ba\/Flag_of_Germany.svg\/23px-Flag_of_Germany.svg.png\" srcset=\"\/\/upload.wikimedia.org\/wikipedia\/commons\/thumb\/b\/ba\/Flag_of_Germany.svg\/35px-Flag_of_Germany.svg.png 1.5x, \/\/upload.wikimedia.org\/wikipedia\/commons\/thumb\/b\/ba\/Flag_of_Germany.svg\/46px-Flag_of_Germany.svg.png 2x\" alt=\"Saksamaa\" width=\"23\" height=\"14\" data-file-width=\"1000\" data-file-height=\"600\" \/>\u00a0<a title=\"Germany\" href=\"https:\/\/en.wikipedia.org\/wiki\/Germany\">Germany<\/a><\/td><\/tr><tr><th scope=\"col\">Working trial<\/th><td>Yes<\/td><\/tr><tr><th scope=\"col\">Utilization<\/th><td>Working Dog<\/td><\/tr><\/tbody><\/table>\t\t\t\t\t\t\t\t<\/div>\n\t\t\t\t<\/div>\n\t\t\t\t\t<\/div>\n\t\t<\/div>\n\t\t\t\t<div class=\"elementor-column elementor-col-50 elementor-top-column elementor-element elementor-element-a5ad8ea\" data-id=\"a5ad8ea\" data-element_type=\"column\" data-e-type=\"column\">\n\t\t\t<div class=\"elementor-widget-wrap elementor-element-populated\">\n\t\t\t\t\t\t<div class=\"elementor-element elementor-element-334ff7c elementor-widget elementor-widget-spacer\" data-id=\"334ff7c\" data-element_type=\"widget\" data-e-type=\"widget\" data-widget_type=\"spacer.default\">\n\t\t\t\t<div class=\"elementor-widget-container\">\n\t\t\t\t\t\t\t<div class=\"elementor-spacer\">\n\t\t\t<div class=\"elementor-spacer-inner\"><\/div>\n\t\t<\/div>\n\t\t\t\t\t\t<\/div>\n\t\t\t\t<\/div>\n\t\t\t\t<div class=\"elementor-element elementor-element-cf8fa0b elementor-widget elementor-widget-text-editor\" data-id=\"cf8fa0b\" data-element_type=\"widget\" data-e-type=\"widget\" data-widget_type=\"text-editor.default\">\n\t\t\t\t<div class=\"elementor-widget-container\">\n\t\t\t\t\t\t\t\t\t<table>\n<tbody>\n<tr>\n<th class=\"breed\" style=\"text-align: center;\" colspan=\"2\">Appearance<\/th>\n<\/tr>\n<tr>\n<th scope=\"col\">Height at the withers<\/th>\n<td>63-70 cm (For dogs)<br>58-65 (For bitches)<sup id=\"cite_ref-FCI_1-0\" class=\"reference\"><\/sup><sup id=\"cite_ref-EKL_2-0\" class=\"reference\"><\/sup><\/td>\n<\/tr>\n<tr>\n<th scope=\"col\">Coat hair<\/th>\n<td>Predominantly curly coat (ring curls)<\/td>\n<\/tr>\n<tr>\n<th scope=\"col\">Coat color<\/th>\n<td>\n<p>In general<\/p>\n<div>\n<ul>\n<li>black and tan<\/li>\n<li>black<\/li>\n<li>blond.<sup id=\"cite_ref-FCI_1-1\" class=\"reference\"><\/sup><sup id=\"cite_ref-EKL_2-1\" class=\"reference\"><\/sup><\/li>\n<\/ul>\n<\/div>\n<\/td>\n<\/tr>\n<tr>\n<th scope=\"col\">Notes<\/th>\n<td><a class=\"external text\" href=\"http:\/\/www.ihf-hovawart.org\/\" rel=\"nofollow\">IHF<\/a><\/td>\n<\/tr>\n<\/tbody>\n<\/table>\t\t\t\t\t\t\t\t<\/div>\n\t\t\t\t<\/div>\n\t\t\t\t\t<\/div>\n\t\t<\/div>\n\t\t\t\t\t<\/div>\n\t\t<\/section>\n\t\t\t\t<section class=\"elementor-section elementor-top-section elementor-element elementor-element-ea1f256 elementor-section-boxed elementor-section-height-default elementor-section-height-default\" data-id=\"ea1f256\" data-element_type=\"section\" data-e-type=\"section\">\n\t\t\t\t\t\t<div class=\"elementor-container elementor-column-gap-default\">\n\t\t\t\t\t<div class=\"elementor-column elementor-col-100 elementor-top-column elementor-element elementor-element-b4b2ae9\" data-id=\"b4b2ae9\" data-element_type=\"column\" data-e-type=\"column\">\n\t\t\t<div class=\"elementor-widget-wrap elementor-element-populated\">\n\t\t\t\t\t\t<div class=\"elementor-element elementor-element-c062c64 elementor-widget elementor-widget-text-editor\" data-id=\"c062c64\" data-element_type=\"widget\" data-e-type=\"widget\" data-widget_type=\"text-editor.default\">\n\t\t\t\t<div class=\"elementor-widget-container\">\n\t\t\t\t\t\t\t\t\t<p>By page&nbsp;&nbsp;<a href=\"https:\/\/et.wikipedia.org\/wiki\/Hovawart#cite_note-EKL-2\">Wikipedia<\/a><\/p>\t\t\t\t\t\t\t\t<\/div>\n\t\t\t\t<\/div>\n\t\t\t\t\t<\/div>\n\t\t<\/div>\n\t\t\t\t\t<\/div>\n\t\t<\/section>\n\t\t\t\t<section class=\"elementor-section elementor-top-section elementor-element elementor-element-443c43a elementor-section-boxed elementor-section-height-default elementor-section-height-default\" data-id=\"443c43a\" data-element_type=\"section\" data-e-type=\"section\">\n\t\t\t\t\t\t<div class=\"elementor-container elementor-column-gap-default\">\n\t\t\t\t\t<div class=\"elementor-column elementor-col-100 elementor-top-column elementor-element elementor-element-695bbba\" data-id=\"695bbba\" data-element_type=\"column\" data-e-type=\"column\">\n\t\t\t<div class=\"elementor-widget-wrap elementor-element-populated\">\n\t\t\t\t\t\t<section class=\"elementor-section elementor-inner-section elementor-element elementor-element-2f01d7a elementor-section-boxed elementor-section-height-default elementor-section-height-default\" data-id=\"2f01d7a\" data-element_type=\"section\" data-e-type=\"section\">\n\t\t\t\t\t\t<div class=\"elementor-container elementor-column-gap-default\">\n\t\t\t\t\t<div class=\"elementor-column elementor-col-50 elementor-inner-column elementor-element elementor-element-68e766e\" data-id=\"68e766e\" data-element_type=\"column\" data-e-type=\"column\">\n\t\t\t<div class=\"elementor-widget-wrap elementor-element-populated\">\n\t\t\t\t\t\t<div class=\"elementor-element elementor-element-3487190 elementor-widget elementor-widget-image\" data-id=\"3487190\" data-element_type=\"widget\" data-e-type=\"widget\" data-widget_type=\"image.default\">\n\t\t\t\t<div class=\"elementor-widget-container\">\n\t\t\t\t\t\t\t\t\t\t\t\t\t\t\t\t<a href=\"https:\/\/kennelliit.ee\/wp-content\/uploads\/2017\/03\/190_hovawart.pdf\">\n\t\t\t\t\t\t\t<img fetchpriority=\"high\" decoding=\"async\" width=\"1024\" height=\"1024\" src=\"https:\/\/hovawart.ee\/wp-content\/uploads\/2020\/12\/Kennelliit-512-1024x1024.png\" class=\"attachment-large size-large wp-image-2757\" alt=\"\" srcset=\"https:\/\/hovawart.ee\/wp-content\/uploads\/2020\/12\/Kennelliit-512-1024x1024.png 1024w, https:\/\/hovawart.ee\/wp-content\/uploads\/2020\/12\/Kennelliit-512-300x300.png 300w, https:\/\/hovawart.ee\/wp-content\/uploads\/2020\/12\/Kennelliit-512-150x150.png 150w, https:\/\/hovawart.ee\/wp-content\/uploads\/2020\/12\/Kennelliit-512-768x768.png 768w, https:\/\/hovawart.ee\/wp-content\/uploads\/2020\/12\/Kennelliit-512-1536x1536.png 1536w, https:\/\/hovawart.ee\/wp-content\/uploads\/2020\/12\/Kennelliit-512-2048x2048.png 2048w\" sizes=\"(max-width: 1024px) 100vw, 1024px\" \/>\t\t\t\t\t\t\t\t<\/a>\n\t\t\t\t\t\t\t\t\t\t\t\t\t\t\t<\/div>\n\t\t\t\t<\/div>\n\t\t\t\t\t<\/div>\n\t\t<\/div>\n\t\t\t\t<div class=\"elementor-column elementor-col-50 elementor-inner-column elementor-element elementor-element-7fa9085\" data-id=\"7fa9085\" data-element_type=\"column\" data-e-type=\"column\">\n\t\t\t<div class=\"elementor-widget-wrap elementor-element-populated\">\n\t\t\t\t\t\t<div class=\"elementor-element elementor-element-ccb71a2 elementor-widget elementor-widget-text-editor\" data-id=\"ccb71a2\" data-element_type=\"widget\" data-e-type=\"widget\" data-widget_type=\"text-editor.default\">\n\t\t\t\t<div class=\"elementor-widget-container\">\n\t\t\t\t\t\t\t\t\t<p>Breed Standards in Estonian<\/p>\t\t\t\t\t\t\t\t<\/div>\n\t\t\t\t<\/div>\n\t\t\t\t\t<\/div>\n\t\t<\/div>\n\t\t\t\t\t<\/div>\n\t\t<\/section>\n\t\t\t\t<section class=\"elementor-section elementor-inner-section elementor-element elementor-element-dcef553 elementor-section-boxed elementor-section-height-default elementor-section-height-default\" data-id=\"dcef553\" data-element_type=\"section\" data-e-type=\"section\">\n\t\t\t\t\t\t<div class=\"elementor-container elementor-column-gap-default\">\n\t\t\t\t\t<div class=\"elementor-column elementor-col-50 elementor-inner-column elementor-element elementor-element-5980b92\" data-id=\"5980b92\" data-element_type=\"column\" data-e-type=\"column\">\n\t\t\t<div class=\"elementor-widget-wrap elementor-element-populated\">\n\t\t\t\t\t\t<div class=\"elementor-element elementor-element-3f9dab7 elementor-widget elementor-widget-image\" data-id=\"3f9dab7\" data-element_type=\"widget\" data-e-type=\"widget\" data-widget_type=\"image.default\">\n\t\t\t\t<div class=\"elementor-widget-container\">\n\t\t\t\t\t\t\t\t\t\t\t\t\t\t\t\t<a href=\"http:\/\/fci.be\/en\/nomenclature\/HOVAWART-190.html\">\n\t\t\t\t\t\t\t<img decoding=\"async\" width=\"1024\" height=\"1024\" src=\"https:\/\/hovawart.ee\/wp-content\/uploads\/2020\/12\/FCI-512-1024x1024.png\" class=\"attachment-large size-large wp-image-2765\" alt=\"\" srcset=\"https:\/\/hovawart.ee\/wp-content\/uploads\/2020\/12\/FCI-512-1024x1024.png 1024w, https:\/\/hovawart.ee\/wp-content\/uploads\/2020\/12\/FCI-512-300x300.png 300w, https:\/\/hovawart.ee\/wp-content\/uploads\/2020\/12\/FCI-512-150x150.png 150w, https:\/\/hovawart.ee\/wp-content\/uploads\/2020\/12\/FCI-512-768x768.png 768w, https:\/\/hovawart.ee\/wp-content\/uploads\/2020\/12\/FCI-512-1536x1536.png 1536w, https:\/\/hovawart.ee\/wp-content\/uploads\/2020\/12\/FCI-512-2048x2048.png 2048w\" sizes=\"(max-width: 1024px) 100vw, 1024px\" \/>\t\t\t\t\t\t\t\t<\/a>\n\t\t\t\t\t\t\t\t\t\t\t\t\t\t\t<\/div>\n\t\t\t\t<\/div>\n\t\t\t\t\t<\/div>\n\t\t<\/div>\n\t\t\t\t<div class=\"elementor-column elementor-col-50 elementor-inner-column elementor-element elementor-element-ac55c99\" data-id=\"ac55c99\" data-element_type=\"column\" data-e-type=\"column\">\n\t\t\t<div class=\"elementor-widget-wrap elementor-element-populated\">\n\t\t\t\t\t\t<div class=\"elementor-element elementor-element-d621748 elementor-widget elementor-widget-text-editor\" data-id=\"d621748\" data-element_type=\"widget\" data-e-type=\"widget\" data-widget_type=\"text-editor.default\">\n\t\t\t\t<div class=\"elementor-widget-container\">\n\t\t\t\t\t\t\t\t\t<p>Breed Standards in International Languages<\/p>\t\t\t\t\t\t\t\t<\/div>\n\t\t\t\t<\/div>\n\t\t\t\t\t<\/div>\n\t\t<\/div>\n\t\t\t\t\t<\/div>\n\t\t<\/section>\n\t\t\t\t<div class=\"elementor-element elementor-element-30f35b2 elementor-widget elementor-widget-text-editor\" data-id=\"30f35b2\" data-element_type=\"widget\" data-e-type=\"widget\" data-widget_type=\"text-editor.default\">\n\t\t\t\t<div class=\"elementor-widget-container\">\n\t\t\t\t\t\t\t\t\t<p>Pictures of Hovawarts in Estonia.<\/p>\t\t\t\t\t\t\t\t<\/div>\n\t\t\t\t<\/div>\n\t\t\t\t\t<\/div>\n\t\t<\/div>\n\t\t\t\t\t<\/div>\n\t\t<\/section>\n\t\t\t\t<section class=\"elementor-section elementor-top-section elementor-element elementor-element-b855680 elementor-section-content-space-between elementor-section-boxed elementor-section-height-default elementor-section-height-default\" data-id=\"b855680\" data-element_type=\"section\" data-e-type=\"section\">\n\t\t\t\t\t\t<div class=\"elementor-container elementor-column-gap-default\">\n\t\t\t\t\t<div class=\"elementor-column elementor-col-33 elementor-top-column elementor-element elementor-element-854f2c0\" data-id=\"854f2c0\" data-element_type=\"column\" data-e-type=\"column\">\n\t\t\t<div class=\"elementor-widget-wrap elementor-element-populated\">\n\t\t\t\t\t\t<div class=\"elementor-element elementor-element-04ba46b elementor-widget elementor-widget-image\" data-id=\"04ba46b\" data-element_type=\"widget\" data-e-type=\"widget\" data-widget_type=\"image.default\">\n\t\t\t\t<div class=\"elementor-widget-container\">\n\t\t\t\t\t\t\t\t\t\t\t\t\t\t\t<img loading=\"lazy\" decoding=\"async\" width=\"960\" height=\"740\" src=\"https:\/\/hovawart.ee\/wp-content\/uploads\/2020\/12\/Must-piirdega-e1607884393903.jpg\" class=\"attachment-large size-large wp-image-2311\" alt=\"\" \/>\t\t\t\t\t\t\t\t\t\t\t\t\t\t\t<\/div>\n\t\t\t\t<\/div>\n\t\t\t\t<div class=\"elementor-element elementor-element-a1829c0 elementor-widget elementor-widget-heading\" data-id=\"a1829c0\" data-element_type=\"widget\" data-e-type=\"widget\" data-widget_type=\"heading.default\">\n\t\t\t\t<div class=\"elementor-widget-container\">\n\t\t\t\t\t<h5 class=\"elementor-heading-title elementor-size-default\">BLACK AND TAN<\/h5>\t\t\t\t<\/div>\n\t\t\t\t<\/div>\n\t\t\t\t\t<\/div>\n\t\t<\/div>\n\t\t\t\t<div class=\"elementor-column elementor-col-33 elementor-top-column elementor-element elementor-element-8e78df6\" data-id=\"8e78df6\" data-element_type=\"column\" data-e-type=\"column\">\n\t\t\t<div class=\"elementor-widget-wrap elementor-element-populated\">\n\t\t\t\t\t\t<div class=\"elementor-element elementor-element-5a865bf elementor-widget elementor-widget-image\" data-id=\"5a865bf\" data-element_type=\"widget\" data-e-type=\"widget\" data-widget_type=\"image.default\">\n\t\t\t\t<div class=\"elementor-widget-container\">\n\t\t\t\t\t\t\t\t\t\t\t\t\t\t\t<img loading=\"lazy\" decoding=\"async\" width=\"960\" height=\"746\" src=\"https:\/\/hovawart.ee\/wp-content\/uploads\/2020\/12\/must-1-e1607883711949.jpg\" class=\"attachment-large size-large wp-image-2343\" alt=\"\" srcset=\"https:\/\/hovawart.ee\/wp-content\/uploads\/2020\/12\/must-1-e1607883711949.jpg 960w, https:\/\/hovawart.ee\/wp-content\/uploads\/2020\/12\/must-1-e1607883711949-300x233.jpg 300w, https:\/\/hovawart.ee\/wp-content\/uploads\/2020\/12\/must-1-e1607883711949-768x597.jpg 768w\" sizes=\"(max-width: 960px) 100vw, 960px\" \/>\t\t\t\t\t\t\t\t\t\t\t\t\t\t\t<\/div>\n\t\t\t\t<\/div>\n\t\t\t\t<div class=\"elementor-element elementor-element-ae01342 elementor-widget elementor-widget-heading\" data-id=\"ae01342\" data-element_type=\"widget\" data-e-type=\"widget\" data-widget_type=\"heading.default\">\n\t\t\t\t<div class=\"elementor-widget-container\">\n\t\t\t\t\t<h5 class=\"elementor-heading-title elementor-size-default\">BLACK<\/h5>\t\t\t\t<\/div>\n\t\t\t\t<\/div>\n\t\t\t\t\t<\/div>\n\t\t<\/div>\n\t\t\t\t<div class=\"elementor-column elementor-col-33 elementor-top-column elementor-element elementor-element-a0c3035\" data-id=\"a0c3035\" data-element_type=\"column\" data-e-type=\"column\">\n\t\t\t<div class=\"elementor-widget-wrap elementor-element-populated\">\n\t\t\t\t\t\t<div class=\"elementor-element elementor-element-8b1c57a elementor-widget elementor-widget-image\" data-id=\"8b1c57a\" data-element_type=\"widget\" data-e-type=\"widget\" data-widget_type=\"image.default\">\n\t\t\t\t<div class=\"elementor-widget-container\">\n\t\t\t\t\t\t\t\t\t\t\t\t\t\t\t<img loading=\"lazy\" decoding=\"async\" width=\"960\" height=\"728\" src=\"https:\/\/hovawart.ee\/wp-content\/uploads\/2020\/12\/blond4.jpg\" class=\"attachment-large size-large wp-image-2324\" alt=\"\" srcset=\"https:\/\/hovawart.ee\/wp-content\/uploads\/2020\/12\/blond4.jpg 960w, https:\/\/hovawart.ee\/wp-content\/uploads\/2020\/12\/blond4-300x228.jpg 300w, https:\/\/hovawart.ee\/wp-content\/uploads\/2020\/12\/blond4-768x582.jpg 768w\" sizes=\"(max-width: 960px) 100vw, 960px\" \/>\t\t\t\t\t\t\t\t\t\t\t\t\t\t\t<\/div>\n\t\t\t\t<\/div>\n\t\t\t\t<div class=\"elementor-element elementor-element-97182d3 elementor-widget elementor-widget-heading\" data-id=\"97182d3\" data-element_type=\"widget\" data-e-type=\"widget\" data-widget_type=\"heading.default\">\n\t\t\t\t<div class=\"elementor-widget-container\">\n\t\t\t\t\t<h5 class=\"elementor-heading-title elementor-size-default\">BLOND<\/h5>\t\t\t\t<\/div>\n\t\t\t\t<\/div>\n\t\t\t\t\t<\/div>\n\t\t<\/div>\n\t\t\t\t\t<\/div>\n\t\t<\/section>\n\t\t\t\t<section class=\"elementor-section elementor-top-section elementor-element elementor-element-eec0735 elementor-section-boxed elementor-section-height-default elementor-section-height-default\" data-id=\"eec0735\" data-element_type=\"section\" data-e-type=\"section\" data-settings=\"{&quot;background_background&quot;:&quot;gradient&quot;}\">\n\t\t\t\t\t\t<div class=\"elementor-container elementor-column-gap-no\">\n\t\t\t\t\t<div class=\"elementor-column elementor-col-100 elementor-top-column elementor-element elementor-element-ea4c8f9\" data-id=\"ea4c8f9\" data-element_type=\"column\" data-e-type=\"column\">\n\t\t\t<div class=\"elementor-widget-wrap elementor-element-populated\">\n\t\t\t\t\t\t<div class=\"elementor-element elementor-element-8df6419 elementor-widget elementor-widget-heading\" data-id=\"8df6419\" data-element_type=\"widget\" data-e-type=\"widget\" data-widget_type=\"heading.default\">\n\t\t\t\t<div class=\"elementor-widget-container\">\n\t\t\t\t\t<h3 class=\"elementor-heading-title elementor-size-default\">Breed Standards<\/h3>\t\t\t\t<\/div>\n\t\t\t\t<\/div>\n\t\t\t\t<div class=\"elementor-element elementor-element-bd26257 elementor-widget elementor-widget-text-editor\" data-id=\"bd26257\" data-element_type=\"widget\" data-e-type=\"widget\" data-widget_type=\"text-editor.default\">\n\t\t\t\t<div class=\"elementor-widget-container\">\n\t\t\t\t\t\t\t\t\t<p>Hovawart is strong, medium-sized service dog with a bit oval body. Height from scruff is 63-70 cm on dogs and 58-65 cm on bitches. Hovawart has a strong head, wide forehead, transition from forehead to snout is clearly noticeable. Strong snout goes thinner from head to nose. Lips are tightly sealed. Teeth are strong and straight.<\/p>\t\t\t\t\t\t\t\t<\/div>\n\t\t\t\t<\/div>\n\t\t\t\t\t<\/div>\n\t\t<\/div>\n\t\t\t\t\t<\/div>\n\t\t<\/section>\n\t\t\t\t<section class=\"elementor-section elementor-top-section elementor-element elementor-element-b2a830e elementor-section-boxed elementor-section-height-default elementor-section-height-default\" data-id=\"b2a830e\" data-element_type=\"section\" data-e-type=\"section\" data-settings=\"{&quot;background_background&quot;:&quot;gradient&quot;}\">\n\t\t\t\t\t\t<div class=\"elementor-container elementor-column-gap-no\">\n\t\t\t\t\t<div class=\"elementor-column elementor-col-100 elementor-top-column elementor-element elementor-element-8953955\" data-id=\"8953955\" data-element_type=\"column\" data-e-type=\"column\">\n\t\t\t<div class=\"elementor-widget-wrap elementor-element-populated\">\n\t\t\t\t\t\t<div class=\"elementor-element elementor-element-7201294 elementor-widget elementor-widget-heading\" data-id=\"7201294\" data-element_type=\"widget\" data-e-type=\"widget\" data-widget_type=\"heading.default\">\n\t\t\t\t<div class=\"elementor-widget-container\">\n\t\t\t\t\t<h3 class=\"elementor-heading-title elementor-size-default\">Character of the Breed<\/h3>\t\t\t\t<\/div>\n\t\t\t\t<\/div>\n\t\t\t\t<div class=\"elementor-element elementor-element-519370a elementor-widget elementor-widget-text-editor\" data-id=\"519370a\" data-element_type=\"widget\" data-e-type=\"widget\" data-widget_type=\"text-editor.default\">\n\t\t\t\t<div class=\"elementor-widget-container\">\n\t\t\t\t\t\t\t\t\t<p>Number of Hovawarts has been growing in the last few years. Breed\u2019s versatility may be the cause of that. It\u2019s a great watchdog and protector, but also a restless playmate and friend of a family. Hovawart is a big, strong and fast dog with good breed qualities. It needs at least a one-hour walk, plus 3 or 4 shorter walks daily. Hovawart likes running and hiking.\nIt\u2019s an intelligent familydog, who is fond of every family member and shows respect for pets. It suites well for familys with kids, if the kids don\u2019t tease the dog. Hovawart is independent and could get dominant, hence it needs training. It can be used as tracedog, rescue dog, guardian and for defensive purposes.\nIn training and especially obedience work the trainer must keep positive reinforcement in mind all the time, as this breed is not as eager to please as many other working dog-breeds: it always needs some kind of motivation. It is important to realize that the Hovawart works with people and not for people. They do have the ability to think and act independently. Their guarding instinct for example does not require any real training; it is inherent, as it is what they were bred for. The Hovawart may easily become reluctant if training is built only on punishments.\nIt is up to the Hovawart owner to be more alert, intentional, directive, and consistent than his dog. The Hovawart needs a leader it can trust.<\/p>\t\t\t\t\t\t\t\t<\/div>\n\t\t\t\t<\/div>\n\t\t\t\t\t<\/div>\n\t\t<\/div>\n\t\t\t\t\t<\/div>\n\t\t<\/section>\n\t\t\t\t<\/div>","protected":false},"excerpt":{"rendered":"<p>Hovawart FCI\u00a0standard nr 190 R\u00fchm 2: pin\u0161erid ja \u0161nautserid, molossid ja \u0161veitsi alpi karjakoerad Alar\u00fchm 2: molossid Alajaotis 2: m\u00e4estikukoerad Standard nr 190\u00a0\u00a0 25.09.1998 (en\u00a0et) P\u00e4ritolumaa \u00a0Saksamaa T\u00f6\u00f6katsed jah Kasutus teenistuskoer Tunnused Turja k\u00f5rgus 63\u201370&nbsp;cm (isane)58\u201365&nbsp;cm (emane) Kattekarv pikk ja tugev karv on veidi laines ja liibuv, v\u00e4heldase alusvillaga Karvkate hovawardil esineb kolm v\u00e4rvusevarianti: must [&hellip;]<\/p>\n","protected":false},"author":1,"featured_media":0,"parent":0,"menu_order":0,"comment_status":"closed","ping_status":"closed","template":"","meta":{"site-sidebar-layout":"no-sidebar","site-content-layout":"page-builder","ast-site-content-layout":"default","site-content-style":"default","site-sidebar-style":"default","ast-global-header-display":"","ast-banner-title-visibility":"","ast-main-header-display":"","ast-hfb-above-header-display":"","ast-hfb-below-header-display":"","ast-hfb-mobile-header-display":"","site-post-title":"disabled","ast-breadcrumbs-content":"","ast-featured-img":"disabled","footer-sml-layout":"","ast-disable-related-posts":"","theme-transparent-header-meta":"default","adv-header-id-meta":"","stick-header-meta":"","header-above-stick-meta":"","header-main-stick-meta":"","header-below-stick-meta":"","astra-migrate-meta-layouts":"default","ast-page-background-enabled":"default","ast-page-background-meta":{"desktop":{"background-color":"","background-image":"","background-repeat":"repeat","background-position":"center center","background-size":"auto","background-attachment":"scroll","background-type":"","background-media":"","overlay-type":"","overlay-color":"","overlay-opacity":"","overlay-gradient":""},"tablet":{"background-color":"","background-image":"","background-repeat":"repeat","background-position":"center center","background-size":"auto","background-attachment":"scroll","background-type":"","background-media":"","overlay-type":"","overlay-color":"","overlay-opacity":"","overlay-gradient":""},"mobile":{"background-color":"","background-image":"","background-repeat":"repeat","background-position":"center center","background-size":"auto","background-attachment":"scroll","background-type":"","background-media":"","overlay-type":"","overlay-color":"","overlay-opacity":"","overlay-gradient":""}},"ast-content-background-meta":{"desktop":{"background-color":"var(--ast-global-color-5)","background-image":"","background-repeat":"repeat","background-position":"center center","background-size":"auto","background-attachment":"scroll","background-type":"","background-media":"","overlay-type":"","overlay-color":"","overlay-opacity":"","overlay-gradient":""},"tablet":{"background-color":"var(--ast-global-color-5)","background-image":"","background-repeat":"repeat","background-position":"center center","background-size":"auto","background-attachment":"scroll","background-type":"","background-media":"","overlay-type":"","overlay-color":"","overlay-opacity":"","overlay-gradient":""},"mobile":{"background-color":"var(--ast-global-color-5)","background-image":"","background-repeat":"repeat","background-position":"center center","background-size":"auto","background-attachment":"scroll","background-type":"","background-media":"","overlay-type":"","overlay-color":"","overlay-opacity":"","overlay-gradient":""}},"footnotes":""},"class_list":["post-1143","page","type-page","status-publish","hentry"],"_links":{"self":[{"href":"https:\/\/hovawart.ee\/en\/wp-json\/wp\/v2\/pages\/1143","targetHints":{"allow":["GET"]}}],"collection":[{"href":"https:\/\/hovawart.ee\/en\/wp-json\/wp\/v2\/pages"}],"about":[{"href":"https:\/\/hovawart.ee\/en\/wp-json\/wp\/v2\/types\/page"}],"author":[{"embeddable":true,"href":"https:\/\/hovawart.ee\/en\/wp-json\/wp\/v2\/users\/1"}],"replies":[{"embeddable":true,"href":"https:\/\/hovawart.ee\/en\/wp-json\/wp\/v2\/comments?post=1143"}],"version-history":[{"count":435,"href":"https:\/\/hovawart.ee\/en\/wp-json\/wp\/v2\/pages\/1143\/revisions"}],"predecessor-version":[{"id":4555,"href":"https:\/\/hovawart.ee\/en\/wp-json\/wp\/v2\/pages\/1143\/revisions\/4555"}],"wp:attachment":[{"href":"https:\/\/hovawart.ee\/en\/wp-json\/wp\/v2\/media?parent=1143"}],"curies":[{"name":"wp","href":"https:\/\/api.w.org\/{rel}","templated":true}]}}